{"id":1515,"date":"2014-01-06T12:07:08","date_gmt":"2014-01-06T10:07:08","guid":{"rendered":"https:\/\/baraka.cc\/?page_id=1515"},"modified":"2014-01-06T12:08:46","modified_gmt":"2014-01-06T10:08:46","slug":"baraka-cc","status":"publish","type":"page","link":"https:\/\/baraka.cc\/?page_id=1515","title":{"rendered":"baraka.cc"},"content":{"rendered":"<p><strong><span style=\"font-size: 10pt; color: ; line-height: 150%; font-family: Verdana\">Baraka K&uuml;lt&uuml;r Merkezi Web Hammaliyesi<\/span><\/strong><\/p>\n<p><strong><span style=\"font-size: 10pt; color: ; line-height: 150%; font-family: Verdana\">&nbsp;&nbsp; <\/span><\/strong><\/p>\n<p><span style=\"font-size: 10pt; color: ; line-height: 150%; font-family: Verdana\">Web Hammaliyesi, <a href=\"https:\/\/www.baraka.cc\/\"><span style=\"color: \"><u>www.baraka.cc<\/u><\/span><\/a> adresinden Baraka K&uuml;lt&uuml;r Merkezi&rsquo;nin internet alan\u0131ndaki sesi olan internet sitesinin olu\u015fturulmas\u0131, g&uuml;ncellenmesi ve devaml\u0131l\u0131\u011f\u0131 konusunda faaliyet y&uuml;r&uuml;ten bir &ccedil;al\u0131\u015fma grubudur. Bu adresten yay\u0131nlanan her t&uuml;rl&uuml; fikir, bilgi, yorum, haber, etkinlik Baraka K&uuml;lt&uuml;r Merkezi&rsquo;ne mal edilebilir. <\/span><\/p>\n<p><span style=\"font-size: 10pt; color: ; line-height: 150%; font-family: Verdana\">&nbsp;&nbsp;&nbsp;<\/span><span style=\"font-size: 10pt; color: ; line-height: 150%; font-family: Verdana\">&nbsp;<\/span> <\/p>\n<p style=\"margin: 0cm 0cm 0pt; line-height: 150%; text-align: justify\" class=\"MsoNormal\"><span style=\"font-size: 10pt; color: ; line-height: 150%; font-family: Verdana\">Baraka.cc, &ouml;ncelikle Baraka K&uuml;lt&uuml;r Merkezi ile ilgili bilgi ve haberlerin yay\u0131nlanmas\u0131 i&ccedil;in olu\u015fturulmu\u015ftur. Ancak K\u0131br\u0131s ve d&uuml;nyadaki &ccedil;e\u015fitli toplumsal hareketlerin haberleri ile eme\u011fin kurutulu\u015fu i&ccedil;in verilen m&uuml;cadelelere dair yorumlar da bu adresten yay\u0131nlanacakt\u0131r.<\/span><\/p>\n<p><span style=\"font-size: 10pt; color: ; line-height: 150%; font-family: Verdana\">&nbsp;&nbsp;&nbsp;<\/span><span style=\"font-size: 10pt; color: ; line-height: 150%; font-family: Verdana\">&nbsp;<\/span> <\/p>\n<p style=\"margin: 0cm 0cm 0pt; line-height: 150%; text-align: justify\" class=\"MsoNormal\"><span style=\"font-size: 10pt; color: ; line-height: 150%; font-family: Verdana\">Ayr\u0131ca baraka.cc K\u0131br\u0131s i&ccedil;inde veya d&uuml;nyan\u0131n &ccedil;e\u015fitli yerlerinde bulunan Baraka dostlar\u0131 ile haberle\u015fmenin de bir arac\u0131d\u0131r. Baraka.cc&rsquo;de bir tart\u0131\u015fma formu a&ccedil;\u0131lmas\u0131 ve Baraka&rsquo;n\u0131n de\u011ferleri &ccedil;er&ccedil;evesinde fikir al\u0131\u015f-veri\u015flerinin ger&ccedil;ekle\u015ftirilmesi de hedeflerimiz aras\u0131ndad\u0131r.<\/span><\/p>\n<p><span style=\"font-size: 10pt; color: ; line-height: 150%; font-family: Verdana\">&nbsp;&nbsp; <\/span><\/p>\n<p style=\"margin: 0cm 0cm 0pt; line-height: 150%; text-align: justify\" class=\"MsoNormal\"><span style=\"font-size: 10pt; color: ; line-height: 150%; font-family: Verdana\">Baraka.cc, bilginin insanl\u0131\u011f\u0131n ortak mal\u0131 oldu\u011funu bildi\u011fi i&ccedil;in lisansl\u0131 yaz\u0131l\u0131mlara kar\u015f\u0131 m&uuml;cadele eden &ldquo;a&ccedil;\u0131k kaynak kod&rdquo; yakla\u015f\u0131m\u0131n\u0131 benimser ve destekler. <strong>Baraka.cc<\/strong> &ldquo;a&ccedil;\u0131k kaynak kod&rdquo; yakla\u015f\u0131m\u0131 ile olu\u015fturulmu\u015f joomla program\u0131nda haz\u0131rlanm\u0131\u015ft\u0131r. <\/span><\/p>\n<p><span style=\"font-size: 10pt; color: ; line-height: 150%; font-family: Verdana\">&nbsp;&nbsp;&nbsp;<\/span><span style=\"font-size: 10pt; color: ; line-height: 150%; font-family: Verdana\">&nbsp;<\/span> <\/p>\n<p style=\"margin: 0cm 0cm 0pt; line-height: 150%; text-align: justify\" class=\"MsoNormal\"><span style=\"font-size: 10pt; color: ; line-height: 150%; font-family: Verdana\">Baraka.cc&rsquo;de yay\u0131nlanan t&uuml;m veriler <strong>CopyLeft&rsquo;tir<\/strong>. Ba\u015fka sitelerde, gazetelerde, kitaplarda yazar\u0131n\u0131n ad\u0131 ve baraka.cc&rsquo;den al\u0131nd\u0131\u011f\u0131 belirtilmek ko\u015fuluyla yay\u0131nlanmas\u0131nda sak\u0131nca yoktur. Hatta gayet iyi olur. B&ouml;yle bir durumda web hammaliyesine bir bilgi verilmesi bizi sevindirecektir.<\/span><\/p>\n<p><span style=\"font-size: 10pt; color: ; line-height: 150%; font-family: Verdana\">&nbsp;&nbsp;&nbsp;<\/span><span style=\"font-size: 10pt; color: ; line-height: 150%; font-family: Verdana\">&nbsp;<\/span> <\/p>\n<p style=\"margin: 0cm 0cm 0pt; line-height: 150%; text-align: justify\" class=\"MsoNormal\"><span style=\"font-size: 10pt; color: ; line-height: 150%; font-family: Verdana\">Baraka.cc hi&ccedil;bir <\/span><span style=\"font-size: 10pt; color: ; line-height: 150%; font-family: Verdana\">&ouml;zel \u015firket veya vak\u0131f taraf\u0131ndan parasal veya manevi olarak desteklenmez, <strong>fon, reklam almaz<\/strong>.<\/span><\/p>\n<p><span style=\"font-size: 10pt; color: ; line-height: 150%; font-family: Verdana\">&nbsp;&nbsp; <\/span><span style=\"font-size: 10pt; color: ; line-height: 150%; font-family: Verdana\">&nbsp;<\/span><strong><span style=\"font-size: 10pt; color: ; line-height: 150%; font-family: Verdana\">&nbsp;<\/span><\/strong> <\/p>\n<p><span style=\"font-size: 10pt; color: ; line-height: 150%; font-family: Verdana\"><a href=\"https:\/\/www.baraka.cc\/images\/stories\/webhammal.jpg\" target=\"_blank\"><img decoding=\"async\" loading=\"lazy\" src=\"https:\/\/www.baraka.cc\/images\/stories\/webhammal.jpg\" border=\"2\" alt=\" \" width=\"200\" height=\"150\" \/><\/a><\/span><\/p>\n","protected":false},"excerpt":{"rendered":"<p>Baraka K&uuml;lt&uuml;r Merkezi Web Hammaliyesi &nbsp;&nbsp; Web Hammaliyesi, www.baraka.cc adresinden Baraka K&uuml;lt&uuml;r Merkezi&rsquo;nin internet alan\u0131ndaki sesi olan internet sitesinin olu\u015fturulmas\u0131, g&uuml;ncellenmesi ve devaml\u0131l\u0131\u011f\u0131 konusunda faaliyet<\/p>\n","protected":false},"author":1,"featured_media":0,"parent":0,"menu_order":0,"comment_status":"open","ping_status":"open","template":"","meta":{"jetpack_post_was_ever_published":false},"jetpack_shortlink":"https:\/\/wp.me\/P4eHWX-or","jetpack_sharing_enabled":true,"_links":{"self":[{"href":"https:\/\/baraka.cc\/index.php?rest_route=\/wp\/v2\/pages\/1515"}],"collection":[{"href":"https:\/\/baraka.cc\/index.php?rest_route=\/wp\/v2\/pages"}],"about":[{"href":"https:\/\/baraka.cc\/index.php?rest_route=\/wp\/v2\/types\/page"}],"author":[{"embeddable":true,"href":"https:\/\/baraka.cc\/index.php?rest_route=\/wp\/v2\/users\/1"}],"replies":[{"embeddable":true,"href":"https:\/\/baraka.cc\/index.php?rest_route=%2Fwp%2Fv2%2Fcomments&post=1515"}],"version-history":[{"count":1,"href":"https:\/\/baraka.cc\/index.php?rest_route=\/wp\/v2\/pages\/1515\/revisions"}],"predecessor-version":[{"id":1517,"href":"https:\/\/baraka.cc\/index.php?rest_route=\/wp\/v2\/pages\/1515\/revisions\/1517"}],"wp:attachment":[{"href":"https:\/\/baraka.cc\/index.php?rest_route=%2Fwp%2Fv2%2Fmedia&parent=1515"}],"curies":[{"name":"wp","href":"https:\/\/api.w.org\/{rel}","templated":true}]}}