{"id":505,"date":"2013-10-04T10:07:29","date_gmt":"2013-10-04T10:07:29","guid":{"rendered":"https:\/\/baraka.cc\/?page_id=505"},"modified":"2013-10-04T10:10:11","modified_gmt":"2013-10-04T10:10:11","slug":"kurucu-metinler","status":"publish","type":"page","link":"https:\/\/baraka.cc\/?page_id=505","title":{"rendered":"KURUCU MET\u0130NLER"},"content":{"rendered":"<p><strong>Kurucu Metinler<\/strong><\/p>\n<p>Baraka K\u00fclt\u00fcr Merkezi 2001 y\u0131l\u0131nda ba\u015flayan bir dizi tart\u0131\u015fman\u0131n sonucu olarak kurulmu\u015ftur. A\u015fa\u011f\u0131da bulaca\u011f\u0131n\u0131z makale ve r\u00f6portaj gibi metinler size kurulu\u015f s\u00fcrecindeki tart\u0131\u015fmalar hakk\u0131nda fikir verecektir.<\/p>\n<p>\u201cSorun Mekan Sorunu De\u011fildir\u201d ba\u015fl\u0131kl\u0131 bildirimiz ise, 2003 y\u0131l\u0131nda ger\u00e7ekle\u015fen ayr\u0131\u015fma s\u00fcreci s\u0131ras\u0131ndaki tavr\u0131m\u0131z\u0131 anlatmaktad\u0131r.<\/p>\n<p>&nbsp;<\/p>\n<p><a href=\"https:\/\/www.baraka.cc\/down\/km1.doc\" target=\"_blank\">Kendimize Gelme Gereklili\u011fi \u00dczerine<\/a><\/p>\n<p><strong><a href=\"https:\/\/www.baraka.cc\/down\/km2.doc\" target=\"_blank\">K.T.M.M.O.B.&#8217;deki \u0130lk Mutabakat<\/a><\/strong><\/p>\n<p><strong><a href=\"https:\/\/www.baraka.cc\/down\/km3.doc\" target=\"_blank\">\u0130lk R\u00f6portaj<\/a><\/strong><\/p>\n<p><strong><a href=\"https:\/\/www.baraka.cc\/down\/km4.doc\" target=\"_blank\">Sorun Mekan Sorunu De\u011fildir<\/a><\/strong><\/p>\n","protected":false},"excerpt":{"rendered":"<p>Kurucu Metinler Baraka K\u00fclt\u00fcr Merkezi 2001 y\u0131l\u0131nda ba\u015flayan bir dizi tart\u0131\u015fman\u0131n sonucu olarak kurulmu\u015ftur. A\u015fa\u011f\u0131da bulaca\u011f\u0131n\u0131z makale ve r\u00f6portaj gibi metinler size kurulu\u015f s\u00fcrecindeki tart\u0131\u015fmalar<\/p>\n","protected":false},"author":1,"featured_media":0,"parent":503,"menu_order":0,"comment_status":"open","ping_status":"open","template":"","meta":{"jetpack_post_was_ever_published":false},"jetpack_shortlink":"https:\/\/wp.me\/P4eHWX-89","jetpack_sharing_enabled":true,"_links":{"self":[{"href":"https:\/\/baraka.cc\/index.php?rest_route=\/wp\/v2\/pages\/505"}],"collection":[{"href":"https:\/\/baraka.cc\/index.php?rest_route=\/wp\/v2\/pages"}],"about":[{"href":"https:\/\/baraka.cc\/index.php?rest_route=\/wp\/v2\/types\/page"}],"author":[{"embeddable":true,"href":"https:\/\/baraka.cc\/index.php?rest_route=\/wp\/v2\/users\/1"}],"replies":[{"embeddable":true,"href":"https:\/\/baraka.cc\/index.php?rest_route=%2Fwp%2Fv2%2Fcomments&post=505"}],"version-history":[{"count":2,"href":"https:\/\/baraka.cc\/index.php?rest_route=\/wp\/v2\/pages\/505\/revisions"}],"predecessor-version":[{"id":514,"href":"https:\/\/baraka.cc\/index.php?rest_route=\/wp\/v2\/pages\/505\/revisions\/514"}],"up":[{"embeddable":true,"href":"https:\/\/baraka.cc\/index.php?rest_route=\/wp\/v2\/pages\/503"}],"wp:attachment":[{"href":"https:\/\/baraka.cc\/index.php?rest_route=%2Fwp%2Fv2%2Fmedia&parent=505"}],"curies":[{"name":"wp","href":"https:\/\/api.w.org\/{rel}","templated":true}]}}