{"id":533,"date":"2013-10-07T10:16:30","date_gmt":"2013-10-07T10:16:30","guid":{"rendered":"https:\/\/baraka.cc\/?page_id=533"},"modified":"2014-01-06T15:21:52","modified_gmt":"2014-01-06T13:21:52","slug":"barakadan-haberler","status":"publish","type":"page","link":"https:\/\/baraka.cc\/?page_id=533","title":{"rendered":"BARAKADAN HABERLER"},"content":{"rendered":"<p><a href=\"https:\/\/baraka.cc\/?cat=47\">EYLEMLER<\/a><\/p>\n<p><a href=\"https:\/\/baraka.cc\/?cat=46\">ETK\u0130NL\u0130KLER<\/a><\/p>\n<p><a href=\"https:\/\/baraka.cc\/?cat=48\">FEST\u0130VALLER<\/a><\/p>\n<p><a href=\"https:\/\/baraka.cc\/?cat=41\">B\u0130LD\u0130R\u0130LER<\/a><\/p>\n<p><a href=\"https:\/\/baraka.cc\/?cat=42\">MAKALELER<\/a><\/p>\n<p><a href=\"https:\/\/baraka.cc\/?cat=43\">R\u00d6PORTAJLAR<\/a><\/p>\n<p><a href=\"https:\/\/baraka.cc\/?cat=65\">V\u0130DEOLAR<\/a><\/p>\n","protected":false},"excerpt":{"rendered":"<p>EYLEMLER ETK\u0130NL\u0130KLER FEST\u0130VALLER B\u0130LD\u0130R\u0130LER MAKALELER R\u00d6PORTAJLAR V\u0130DEOLAR<\/p>\n","protected":false},"author":1,"featured_media":0,"parent":0,"menu_order":0,"comment_status":"open","ping_status":"open","template":"","meta":{"jetpack_post_was_ever_published":false},"jetpack_shortlink":"https:\/\/wp.me\/P4eHWX-8B","jetpack_sharing_enabled":true,"_links":{"self":[{"href":"https:\/\/baraka.cc\/index.php?rest_route=\/wp\/v2\/pages\/533"}],"collection":[{"href":"https:\/\/baraka.cc\/index.php?rest_route=\/wp\/v2\/pages"}],"about":[{"href":"https:\/\/baraka.cc\/index.php?rest_route=\/wp\/v2\/types\/page"}],"author":[{"embeddable":true,"href":"https:\/\/baraka.cc\/index.php?rest_route=\/wp\/v2\/users\/1"}],"replies":[{"embeddable":true,"href":"https:\/\/baraka.cc\/index.php?rest_route=%2Fwp%2Fv2%2Fcomments&post=533"}],"version-history":[{"count":3,"href":"https:\/\/baraka.cc\/index.php?rest_route=\/wp\/v2\/pages\/533\/revisions"}],"predecessor-version":[{"id":1591,"href":"https:\/\/baraka.cc\/index.php?rest_route=\/wp\/v2\/pages\/533\/revisions\/1591"}],"wp:attachment":[{"href":"https:\/\/baraka.cc\/index.php?rest_route=%2Fwp%2Fv2%2Fmedia&parent=533"}],"curies":[{"name":"wp","href":"https:\/\/api.w.org\/{rel}","templated":true}]}}