{"id":550,"date":"2013-10-22T11:26:57","date_gmt":"2013-10-22T08:26:57","guid":{"rendered":"https:\/\/baraka.cc\/?page_id=550"},"modified":"2013-10-22T11:26:57","modified_gmt":"2013-10-22T08:26:57","slug":"gruplar","status":"publish","type":"page","link":"https:\/\/baraka.cc\/?page_id=550","title":{"rendered":"GRUPLAR"},"content":{"rendered":"<p><strong>\u00c7al\u0131\u015fma ve Etkinlik Gruplar\u0131<\/strong><\/p>\n<p>&nbsp;<\/p>\n<p>Baraka K\u00fclt\u00fcr Merkezi aktivistleri hep birlikte olu\u015fturduklar\u0131 (de\u011fi\u015fmeye-geli\u015fmeye-artmaya ve eksilmeye a\u00e7\u0131k) de\u011ferleri do\u011frultusunda \u00e7al\u0131\u015fma gruplar\u0131 olu\u015ftururlar. Bu \u00e7al\u0131\u015fma gruplar\u0131 aktivistlerin, \u00f6nem verdikleri konularda faaliyet y\u00fcr\u00fctmeleri, di\u011fer aktivistlerle olan insani ili\u015fkilerini derinle\u015ftirmeleri, pratik faaliyet \u00fczerinden deneyim biriktirmeleri, teorik konular\u0131n pratikte uygulamas\u0131n\u0131 yapmalar\u0131 ve yeni insanlar\u0131n Baraka\u2019ya kat\u0131lmas\u0131 i\u015flevlerini g\u00f6r\u00fcrler.<\/p>\n<p>&nbsp;<\/p>\n<p>Her \u00e7al\u0131\u015fma grubunun (etkinlik-yay\u0131n-eylem-kampanya vs.) hedef, tarz ve y\u00f6ntemleri o \u00e7al\u0131\u015fma grubunun t\u00fcm aktivistleri taraf\u0131ndan hep birlikte belirlenir.\u00a0\u00a0\u00c7al\u0131\u015fma Gruplar\u0131na kat\u0131lacak ki\u015filer, Baraka aktivisti, dostu olmayabilir. Bu konu tamamen \u00e7al\u0131\u015fma gruplar\u0131n\u0131n inisiyatifindedir. \u00c7al\u0131\u015fma Gruplar\u0131 Baraka\u2019n\u0131n genel y\u00f6nelimi ile \u00e7eli\u015fmeyecek \u015fekilde \u00f6zerk olarak toplan\u0131r, karar al\u0131r ve uygular. Bunun i\u00e7in \u00c7al\u0131\u015fma Grubunun d\u0131\u015f\u0131ndan birisinin onay\u0131n\u0131 almaya gerek yoktur.<\/p>\n<p>&nbsp;<\/p>\n<p>Herhangi bir \u00e7al\u0131\u015fma grubu kurulurken sorumlulu\u011fu bir Baraka Kadrosu taraf\u0131ndan al\u0131n\u0131r. Ayr\u0131ca kadrolar, i\u00e7erisinde bulunduklar\u0131 \u00e7al\u0131\u015fma gruplar\u0131n\u0131n Baraka\u2019n\u0131n genel y\u00f6nelimi do\u011frultusunda birbirleri ile koordinasyonu, ikna olduklar\u0131 konularda Baraka\u2019n\u0131n yanl\u0131\u015flar\u0131n\u0131 gidermek \u00fczere Cuma Toplant\u0131s\u0131\u2019nda veya \u00e7al\u0131\u015fma grubunda \u00e7al\u0131\u015f\u0131rlar.<\/p>\n<p>&nbsp;<\/p>\n<p>Baraka\u2019n\u0131n t\u00fcm etkinlik ve faaliyetleri \u00fccretsiz ve halka a\u00e7\u0131k olarak ger\u00e7ekle\u015ftirilir. Etkinlik maliyetlerimizi Baraka\u2019n\u0131n genel b\u00fct\u00e7esinden kar\u015f\u0131lar\u0131z.<\/p>\n","protected":false},"excerpt":{"rendered":"<p>\u00c7al\u0131\u015fma ve Etkinlik Gruplar\u0131 &nbsp; Baraka K\u00fclt\u00fcr Merkezi aktivistleri hep birlikte olu\u015fturduklar\u0131 (de\u011fi\u015fmeye-geli\u015fmeye-artmaya ve eksilmeye a\u00e7\u0131k) de\u011ferleri do\u011frultusunda \u00e7al\u0131\u015fma gruplar\u0131 olu\u015ftururlar. Bu \u00e7al\u0131\u015fma gruplar\u0131 aktivistlerin,<\/p>\n","protected":false},"author":1,"featured_media":0,"parent":0,"menu_order":0,"comment_status":"open","ping_status":"open","template":"","meta":{"jetpack_post_was_ever_published":false},"jetpack_shortlink":"https:\/\/wp.me\/P4eHWX-8S","jetpack_sharing_enabled":true,"_links":{"self":[{"href":"https:\/\/baraka.cc\/index.php?rest_route=\/wp\/v2\/pages\/550"}],"collection":[{"href":"https:\/\/baraka.cc\/index.php?rest_route=\/wp\/v2\/pages"}],"about":[{"href":"https:\/\/baraka.cc\/index.php?rest_route=\/wp\/v2\/types\/page"}],"author":[{"embeddable":true,"href":"https:\/\/baraka.cc\/index.php?rest_route=\/wp\/v2\/users\/1"}],"replies":[{"embeddable":true,"href":"https:\/\/baraka.cc\/index.php?rest_route=%2Fwp%2Fv2%2Fcomments&post=550"}],"version-history":[{"count":2,"href":"https:\/\/baraka.cc\/index.php?rest_route=\/wp\/v2\/pages\/550\/revisions"}],"predecessor-version":[{"id":553,"href":"https:\/\/baraka.cc\/index.php?rest_route=\/wp\/v2\/pages\/550\/revisions\/553"}],"wp:attachment":[{"href":"https:\/\/baraka.cc\/index.php?rest_route=%2Fwp%2Fv2%2Fmedia&parent=550"}],"curies":[{"name":"wp","href":"https:\/\/api.w.org\/{rel}","templated":true}]}}