{"id":558,"date":"2013-10-22T11:39:39","date_gmt":"2013-10-22T08:39:39","guid":{"rendered":"https:\/\/baraka.cc\/?page_id=558"},"modified":"2013-10-22T12:40:25","modified_gmt":"2013-10-22T09:40:25","slug":"baraka-tiyatro-ekibi","status":"publish","type":"page","link":"https:\/\/baraka.cc\/?page_id=558","title":{"rendered":"BARAKA T\u0130YATRO EK\u0130B\u0130"},"content":{"rendered":"<p><em>&#8220;Belki tiyatro kendi i\u00e7inde devrimci de\u011fildir; ama hi\u00e7 ku\u015fku yok ki tiyatro bir devrim provas\u0131d\u0131r.&#8221;<\/em><\/p>\n<p>Agusto Boal<\/p>\n<p>&nbsp;<\/p>\n<div><\/div>\n<p>&nbsp;<\/p>\n<p><strong>Baraka Tiyatro Ekibi (BTE)<\/strong><\/p>\n<p>2004 y\u0131l\u0131n\u0131n ilkbahar\u0131nda, s\u00f6z\u00fcm\u00fcz\u00fc oynayarak s\u00f6yleyebilmek, dert edindi\u011fimiz d\u00fcnya ve memleket hallerini teatral bi\u00e7imlerle anlatabilmek gayesiyle ufak ve amat\u00f6r bir tiyatro ekibi kurduk. Ve o g\u00fcnden bu yana pek \u00e7ok oyun, \u015fiir dinletisi, sokak tiyatrosu ile izleyicilerle (ya da hayal etti\u011fimiz tabirle izleyici-oyuncularla) biraraya gelmeye \u00e7al\u0131\u015ft\u0131k.Amat\u00f6rl\u00fc\u011f\u00fc, bu i\u015fin g\u00f6n\u00fcll\u00fcl\u00fc\u011f\u00fcne ve ekibimizdeki i\u015f b\u00f6l\u00fcm\u00fcn\u00fcn keskin olmamas\u0131na vurgu yapan bir kavram olarak kulan\u0131yor, gereken emek ve disipline \u00f6nem vermemek \u015feklinde alg\u0131lam\u0131yoruz.\u00a0 Bizler, tiyatroyu bir h\u00fckmetme veya uyutma arac\u0131 olarak de\u011fil, bir sorgulama ve \u00f6zg\u00fcrle\u015fme arac\u0131 olarak g\u00f6r\u00fcyoruz. Tiyatronun, insan\u0131n b\u00fct\u00fcn faaliyetleri gibi zorunlu olarak politik oldu\u011funu ve ya\u015fam\u0131n kendisinden ayr\u0131lamayaca\u011f\u0131n\u0131 d\u00fc\u015f\u00fcn\u00fcyoruz. Bu nedenle gerek oyunlar\u0131m\u0131zda gerekse \u00e7al\u0131\u015fma y\u00f6ntemimizde, sanatsal-estetik kayg\u0131lar\u0131n yan\u0131 s\u0131ra politik bir bak\u0131\u015f a\u00e7\u0131s\u0131yla hareket ediyoruz. \u00a0Oyunlar\u0131m\u0131zda ve e\u011fitim \u00e7al\u0131\u015fmalar\u0131m\u0131zda y\u00f6neten-y\u00f6netilen ili\u015fkileri yerine deneyim aktarmay\u0131, bildiklerimizi payla\u015fmay\u0131 ve dayan\u0131\u015farak birlikte \u00fcretmeyi tercih ediyoruz. E\u011fitim \u00e7al\u0131\u015fmalar\u0131m\u0131z gibi oyun provalar\u0131m\u0131z\u0131 da, y\u00fck\u00fc s\u0131rtlanmaya g\u00f6n\u00fcll\u00fc olan bir veya bir ka\u00e7 \u201ckolayla\u015ft\u0131r\u0131c\u0131\u201dn\u0131n e\u015fli\u011finde y\u00fcr\u00fct\u00fcyoruz.<\/p>\n<p>Eyl\u00fcl ve ekim aylar\u0131nda, aram\u0131za yeni kat\u0131lanlarla birlikte v\u00fccut, ses, nefes, imgelem, fiziksel aksiyon, yarat\u0131c\u0131 do\u011fa\u00e7lama ve benzeri alanlarda egzersizler yap\u0131yoruz. Ayr\u0131ca teori ve prati\u011fin birlikte anlaml\u0131 olaca\u011f\u0131 d\u00fc\u015f\u00fcncesinden hareketle okuma-tart\u0131\u015fma \u00e7al\u0131\u015fmalar\u0131 yap\u0131yor ve pek \u00e7ok tiyatro kuramc\u0131s\u0131n\u0131n eserlerinden feyz almaya gayret ediyoruz.\u00a0 Bilhassa Bertolt Brecht ve Agusto Boal\u2019\u0131 incelemeye \u00e7al\u0131\u015f\u0131yor ve Boal\u2019\u0131n \u201cEzilenlerin Tiyatrosu\u201d anlay\u0131\u015f\u0131n\u0131 kavrayarak memleketimiz ko\u015fullar\u0131nda uygulaman\u0131n yollar\u0131n\u0131 deniyoruz.<\/p>\n<p>Her sal\u0131 18.00-21.00 saatleri aras\u0131nda Baraka lokalinde, kat\u0131lmak isteyenlere a\u00e7\u0131k olarak hayat\u0131n provas\u0131n\u0131 yapmaya devam ediyoruz.<\/p>\n<p>[divide]<\/p>\n<p><strong>Teorik \u00c7al\u0131\u015fmalar\u00a0<\/strong><\/p>\n<p>Baraka Tiyatro Ekibi, her sene bir sahne ve sokak tiyatrosu sergilemenin yan\u0131 s\u0131ra ses, diksiyon, v\u00fccut kullan\u0131m\u0131, yarat\u0131c\u0131 do\u011fa\u00e7lamalar gibi e\u011fitim \u00e7al\u0131\u015fmalar\u0131 ve \u00e7e\u015fitli tiyatro ak\u0131mlar\u0131n\u0131n incelendi\u011fi teorik \u00e7al\u0131\u015fmalar da yapmaktad\u0131r. Genelde oyun sezonunun kapand\u0131\u011f\u0131 yaz d\u00f6nemlerinde ger\u00e7ekle\u015fen teorik \u00e7al\u0131\u015fmalar kapsam\u0131nda bu g\u00fcne de\u011fin, \u201cTemel Tiyatro Terimleri\u201d, \u201cTiyatronun Do\u011fu\u015fu\u201d, \u201cAbs\u00fcrd Tiyatro\u201d, \u201cBrecht ve Epik Tiyatro\u201d, \u201cPolitik Tiyatro\u201d ve \u201cAgusto Boal &#8211; Ezilenlerin Tiyatrosu\u201d konular\u0131 incelenerek BTE elemanlar\u0131nca tart\u0131\u015f\u0131lm\u0131\u015ft\u0131r. Ayr\u0131ca \u00e7e\u015fitli tiyatro kitaplar\u0131ndan ve dergilerinden se\u00e7ilen makaleler, zaman zaman okuma-tart\u0131\u015fma etkinli\u011fi \u015feklinde BTE g\u00fcndeminde yer almaktad\u0131r.<\/p>\n<p>Teroik \u00e7al\u0131\u015fmalar\u0131m\u0131za konu olan <strong>baz\u0131<\/strong> metinlere bu sayfadan ula\u015fabilirsiniz.<\/p>\n<p><span style=\"text-decoration: underline;\"><a href=\"https:\/\/www.baraka.cc\/down\/b_terim.doc\" target=\"_blank\">Tiyatro Terimleri<\/a><\/span><\/p>\n<p><span style=\"text-decoration: underline;\"><a href=\"https:\/\/www.baraka.cc\/down\/b_ezilenlerintiyatrosu.ppt\" target=\"_blank\">Ezilenlerin Tiyatrosu<\/a><\/span><\/p>\n<p><a href=\"https:\/\/www.baraka.cc\/down\/politiktiyatro.doc\" target=\"_blank\"><strong>Politik Tiyatro<\/strong><\/a><\/p>\n<p><span style=\"text-decoration: underline;\"><a href=\"https:\/\/www.baraka.cc\/down\/b_antik.doc\" target=\"_blank\">Antik Tiyatro<\/a><\/span><\/p>\n","protected":false},"excerpt":{"rendered":"<p>&#8220;Belki tiyatro kendi i\u00e7inde devrimci de\u011fildir; ama hi\u00e7 ku\u015fku yok ki tiyatro bir devrim provas\u0131d\u0131r.&#8221; Agusto Boal &nbsp; &nbsp; Baraka Tiyatro Ekibi (BTE) 2004 y\u0131l\u0131n\u0131n<\/p>\n","protected":false},"author":1,"featured_media":0,"parent":550,"menu_order":0,"comment_status":"open","ping_status":"closed","template":"","meta":{"jetpack_post_was_ever_published":false},"jetpack_shortlink":"https:\/\/wp.me\/P4eHWX-90","jetpack_sharing_enabled":true,"_links":{"self":[{"href":"https:\/\/baraka.cc\/index.php?rest_route=\/wp\/v2\/pages\/558"}],"collection":[{"href":"https:\/\/baraka.cc\/index.php?rest_route=\/wp\/v2\/pages"}],"about":[{"href":"https:\/\/baraka.cc\/index.php?rest_route=\/wp\/v2\/types\/page"}],"author":[{"embeddable":true,"href":"https:\/\/baraka.cc\/index.php?rest_route=\/wp\/v2\/users\/1"}],"replies":[{"embeddable":true,"href":"https:\/\/baraka.cc\/index.php?rest_route=%2Fwp%2Fv2%2Fcomments&post=558"}],"version-history":[{"count":4,"href":"https:\/\/baraka.cc\/index.php?rest_route=\/wp\/v2\/pages\/558\/revisions"}],"predecessor-version":[{"id":561,"href":"https:\/\/baraka.cc\/index.php?rest_route=\/wp\/v2\/pages\/558\/revisions\/561"}],"up":[{"embeddable":true,"href":"https:\/\/baraka.cc\/index.php?rest_route=\/wp\/v2\/pages\/550"}],"wp:attachment":[{"href":"https:\/\/baraka.cc\/index.php?rest_route=%2Fwp%2Fv2%2Fmedia&parent=558"}],"curies":[{"name":"wp","href":"https:\/\/api.w.org\/{rel}","templated":true}]}}