{"id":597,"date":"2013-10-22T12:41:16","date_gmt":"2013-10-22T09:41:16","guid":{"rendered":"https:\/\/baraka.cc\/?page_id=597"},"modified":"2014-01-02T22:39:00","modified_gmt":"2014-01-02T20:39:00","slug":"sol-anahtari","status":"publish","type":"page","link":"https:\/\/baraka.cc\/?page_id=597","title":{"rendered":"SOL ANAHTARI"},"content":{"rendered":"<p>Asl\u0131nda Baraka kuruldu\u011fundan beri \u015fark\u0131larla, t\u00fcrk\u00fclerle, aram\u0131zdan m\u00fczik konusuna ilgili arkada\u015flar, \u00e7e\u015fitli etkinliklerde\u00a0 kendili\u011finden ve d\u00fczensiz olarak m\u00fczik yapmaya ba\u015flam\u0131\u015ft\u0131. Bizler de m\u00fczi\u011fin yarat\u0131c\u0131, d\u00f6n\u00fc\u015ft\u00fcr\u00fcc\u00fc\u00a0 g\u00fcc\u00fcn\u00fc d\u00fczenli bir koro-m\u00fczik grubu ile daha da g\u00fc\u00e7lendirebilece\u011fimize karar verdik. Ve Sol Anahtar\u0131\u2019n\u0131 olu\u015fturduk. Sol Anahtar\u0131, daha sonra bi\u00e7im de\u011fi\u015ftirerek sadece m\u00fczik grubu haline geldi. \u015fimdi ise kendi alb\u00fcm\u00fcn\u00fcn \u00e7al\u0131\u015fmalar\u0131n\u0131 y\u00fcr\u00fct\u00fcyor.<\/p>\n<p>Peki neden yap\u0131yoruz?\u00a0# m\u00fczi\u011fin kolektif bir bi\u00e7imde yap\u0131labilece\u011fini g\u00f6rmek, g\u00f6stermek ve bu kolektivizmden keyif almak i\u00e7in.# duygu ve d\u00fc\u015f\u00fcncelerimizi, co\u015fkular\u0131m\u0131z\u0131 m\u00fczik arac\u0131l\u0131\u011f\u0131yla birbirimizle ve dinleyenlerle payla\u015fabilmek i\u00e7in.# m\u00fczi\u011fi, belli kal\u0131plara ba\u011fl\u0131 kalmadan, \u00f6zg\u00fcrce, yarat\u0131c\u0131l\u0131\u011fa a\u00e7\u0131k olarak \u00fcretebilmek i\u00e7in.# kendimizi ve birbirimizi e\u011fitmek, birbirimizi her y\u00f6n\u00fcyle tan\u0131mak ve hayal etti\u011fimiz ili\u015fki\u00a0 ve \u00fcretme bi\u00e7imini m\u00fczik arac\u0131l\u0131\u011f\u0131yla da yaratmak i\u00e7in# ba\u015fka bir k\u00fclt\u00fcr\u00fc, ba\u015fka bir d\u00fcnya \u00f6zlemini, m\u00fczik arac\u0131l\u0131\u011f\u0131yla insanlara aktarmak, topluma m\u00fczik arac\u0131l\u0131\u011f\u0131yla temas etmek i\u00e7in. # Baraka\u2019n\u0131n de\u011ferlerinin insanlara bula\u015ft\u0131r\u0131lmas\u0131nda, gerek \u015fark\u0131lar\u0131n s\u00f6zlerini, gerekse m\u00fczi\u011fin yaratt\u0131\u011f\u0131 co\u015fkuyu ara\u00e7 olarak kullanmak i\u00e7in.<\/p>\n<p>Sol Anahtar\u0131\u2019n\u0131n \u00e7al\u0131\u015fma tarz\u0131 \u015f\u00f6yle; Birlikte belirledi\u011fimiz par\u00e7alar\u0131 istedi\u011fimiz gibi d\u00fczenleyerek bir repertuar olu\u015fturmaktay\u0131z. M\u00fczik grubu \u00f6zerk bir yap\u0131ya sahip ve kendi program\u0131n\u0131 d\u00fczenledi\u011fi gibi, hangi par\u00e7an\u0131n repertuara girece\u011fini de kendi belirliyor. Sol Anahtar\u0131\u2019na kat\u0131lan aktivistler istedikleri bir par\u00e7an\u0131n s\u00f6zlerini ve m\u00fczi\u011fini (kaset, CD) getiriyor ve korodaki di\u011fer arkada\u015flara sunuyor. HERKES hem fikir olursa o par\u00e7aya \u00e7al\u0131\u015fmaya ba\u015fl\u0131yoruz. Peki siz nas\u0131l m\u0131 kat\u0131lacaks\u0131n\u0131z? \u00a0Gelmeniz yeterli.<\/p>\n<p>&nbsp;<\/p>\n<p class=\"MsoNormal\" style=\"margin: 0cm 0cm 0pt;\" align=\"right\">\n<span style=\"font-family: Verdana; font-size: 10pt;\">\u00a0<span style=\"line-height: 150%; font-family: Verdana; font-size: 10pt;\"><br \/>\n<\/span><\/span><\/p>\n","protected":false},"excerpt":{"rendered":"<p>Asl\u0131nda Baraka kuruldu\u011fundan beri \u015fark\u0131larla, t\u00fcrk\u00fclerle, aram\u0131zdan m\u00fczik konusuna ilgili arkada\u015flar, \u00e7e\u015fitli etkinliklerde\u00a0 kendili\u011finden ve d\u00fczensiz olarak m\u00fczik yapmaya ba\u015flam\u0131\u015ft\u0131. Bizler de m\u00fczi\u011fin yarat\u0131c\u0131, d\u00f6n\u00fc\u015ft\u00fcr\u00fcc\u00fc\u00a0<\/p>\n","protected":false},"author":1,"featured_media":0,"parent":550,"menu_order":0,"comment_status":"open","ping_status":"open","template":"","meta":{"jetpack_post_was_ever_published":false},"jetpack_shortlink":"https:\/\/wp.me\/P4eHWX-9D","jetpack_sharing_enabled":true,"_links":{"self":[{"href":"https:\/\/baraka.cc\/index.php?rest_route=\/wp\/v2\/pages\/597"}],"collection":[{"href":"https:\/\/baraka.cc\/index.php?rest_route=\/wp\/v2\/pages"}],"about":[{"href":"https:\/\/baraka.cc\/index.php?rest_route=\/wp\/v2\/types\/page"}],"author":[{"embeddable":true,"href":"https:\/\/baraka.cc\/index.php?rest_route=\/wp\/v2\/users\/1"}],"replies":[{"embeddable":true,"href":"https:\/\/baraka.cc\/index.php?rest_route=%2Fwp%2Fv2%2Fcomments&post=597"}],"version-history":[{"count":5,"href":"https:\/\/baraka.cc\/index.php?rest_route=\/wp\/v2\/pages\/597\/revisions"}],"predecessor-version":[{"id":909,"href":"https:\/\/baraka.cc\/index.php?rest_route=\/wp\/v2\/pages\/597\/revisions\/909"}],"up":[{"embeddable":true,"href":"https:\/\/baraka.cc\/index.php?rest_route=\/wp\/v2\/pages\/550"}],"wp:attachment":[{"href":"https:\/\/baraka.cc\/index.php?rest_route=%2Fwp%2Fv2%2Fmedia&parent=597"}],"curies":[{"name":"wp","href":"https:\/\/api.w.org\/{rel}","templated":true}]}}