{"id":605,"date":"2013-10-22T12:42:21","date_gmt":"2013-10-22T09:42:21","guid":{"rendered":"https:\/\/baraka.cc\/?page_id=605"},"modified":"2013-10-22T12:42:21","modified_gmt":"2013-10-22T09:42:21","slug":"soluk","status":"publish","type":"page","link":"https:\/\/baraka.cc\/?page_id=605","title":{"rendered":"SOLUK"},"content":{"rendered":"<p>&nbsp;<\/p>\n<p><span style=\"font-size: medium;\">\u00a0 <\/span><\/p>\n<p><span style=\"font-size: medium;\">Baraka m\u00fczik toplulu\u011fu soluk; m\u00fczi\u011fin piyasala\u015ft\u0131\u011f\u0131, meta haline getirildi\u011fi g\u00fcn\u00fcn\u00fcm\u00fcz kapitalist sistem i\u00e7erisinde, k\u00fclt\u00fcr-sanat \u00fcretimini toplumsal bir \u00fcretim olarak kavrayan bir bilin\u00e7le hareket eder ve bunu kolektif bir anlay\u0131\u015f ile ortaya koyar.<\/span><\/p>\n<p><span style=\"font-size: medium;\">\u00a0\u00a0\u00a0\u00a0\u00a0\u00a0\u00a0\u00a0\u00a0\u00a0\u00a0\u00a0\u00a0\u00a0\u00a0\u00a0\u00a0\u00a0\u00a0\u00a0\u00a0\u00a0 <\/span><\/p>\n<p><span style=\"font-size: medium;\">Baraka K\u00fclt\u00fcr Merkezi i\u00e7erisindeki di\u011fer etkinlik gruplar\u0131 gibi soluk m\u00fczik toplulu\u011fu da baraka\u2019da kolektif olarak olu\u015fturulan de\u011ferler \u00e7er\u00e7evesinde \u00f6zerk bir yap\u0131ya sahiptir. Haftan\u0131n belirli bir g\u00fcn\u00fc biraraya gelen soluk , \u00f6nerilen ve topluluk \u00fcyelerinin t\u00fcm\u00fc taraf\u0131ndan hem fikir olunan par\u00e7alar\u0131n d\u00fczenlenmesi, repertuara dahil edilmesi ve etkinliklerde<em> <\/em>\u00a0icra edilmesi amac\u0131 ile kolektif olarak \u00e7al\u0131\u015f\u0131r. Ayr\u0131ca \u00e7al\u0131\u015fmalar\u0131n\u0131 kay\u0131t alt\u0131na al\u0131p alb\u00fcm,internet payla\u015f\u0131m\u0131 gibi yollarla halkla payla\u015fmak ve kendi bestelerini yapmak da Soluk\u2019un hedefleri aras\u0131ndad\u0131r.<\/span><\/p>\n<p><span style=\"font-size: medium;\">\u00a0\u00a0\u00a0\u00a0\u00a0\u00a0\u00a0\u00a0\u00a0\u00a0\u00a0\u00a0\u00a0\u00a0\u00a0\u00a0\u00a0\u00a0 \u00a0<\/span><\/p>\n<p><span style=\"font-size: medium;\">Soluk, belirledi\u011fi ama\u00e7lar\u0131 do\u011frultusunda, baraka\u2019n\u0131n di\u011fer yap\u0131lar ile ortak olarak d\u00fczenleyece\u011fi etkinliklerde, yer alabilece\u011fi gibi, Baraka\u2019n\u0131n i\u015fbirli\u011fi-g\u00fc\u00e7birli\u011fi-eylem birlikteli\u011fi anlay\u0131\u015f\u0131 \u00e7er\u00e7evesinde, ba\u015fka yap\u0131lar taraf\u0131ndan d\u00fczenlenen organizasyonlara da dayan\u0131\u015fma anlam\u0131nda katk\u0131 koyabilir.<\/span><\/p>\n<p><span style=\"font-size: medium;\">\u00a0\u00a0\u00a0\u00a0\u00a0\u00a0\u00a0\u00a0\u00a0\u00a0\u00a0\u00a0\u00a0\u00a0\u00a0\u00a0\u00a0\u00a0\u00a0\u00a0<\/span><\/p>\n","protected":false},"excerpt":{"rendered":"<p>&nbsp; \u00a0 Baraka m\u00fczik toplulu\u011fu soluk; m\u00fczi\u011fin piyasala\u015ft\u0131\u011f\u0131, meta haline getirildi\u011fi g\u00fcn\u00fcn\u00fcm\u00fcz kapitalist sistem i\u00e7erisinde, k\u00fclt\u00fcr-sanat \u00fcretimini toplumsal bir \u00fcretim olarak kavrayan bir bilin\u00e7le hareket<\/p>\n","protected":false},"author":1,"featured_media":0,"parent":550,"menu_order":0,"comment_status":"open","ping_status":"open","template":"","meta":{"jetpack_post_was_ever_published":false},"jetpack_shortlink":"https:\/\/wp.me\/P4eHWX-9L","jetpack_sharing_enabled":true,"_links":{"self":[{"href":"https:\/\/baraka.cc\/index.php?rest_route=\/wp\/v2\/pages\/605"}],"collection":[{"href":"https:\/\/baraka.cc\/index.php?rest_route=\/wp\/v2\/pages"}],"about":[{"href":"https:\/\/baraka.cc\/index.php?rest_route=\/wp\/v2\/types\/page"}],"author":[{"embeddable":true,"href":"https:\/\/baraka.cc\/index.php?rest_route=\/wp\/v2\/users\/1"}],"replies":[{"embeddable":true,"href":"https:\/\/baraka.cc\/index.php?rest_route=%2Fwp%2Fv2%2Fcomments&post=605"}],"version-history":[{"count":1,"href":"https:\/\/baraka.cc\/index.php?rest_route=\/wp\/v2\/pages\/605\/revisions"}],"predecessor-version":[{"id":606,"href":"https:\/\/baraka.cc\/index.php?rest_route=\/wp\/v2\/pages\/605\/revisions\/606"}],"up":[{"embeddable":true,"href":"https:\/\/baraka.cc\/index.php?rest_route=\/wp\/v2\/pages\/550"}],"wp:attachment":[{"href":"https:\/\/baraka.cc\/index.php?rest_route=%2Fwp%2Fv2%2Fmedia&parent=605"}],"curies":[{"name":"wp","href":"https:\/\/api.w.org\/{rel}","templated":true}]}}