{"id":607,"date":"2013-10-22T12:43:01","date_gmt":"2013-10-22T10:43:01","guid":{"rendered":"https:\/\/baraka.cc\/?page_id=607"},"modified":"2014-07-07T21:02:35","modified_gmt":"2014-07-07T19:02:35","slug":"izte-tartis","status":"publish","type":"page","link":"https:\/\/baraka.cc\/?page_id=607","title":{"rendered":"\u0130ZLE-TARTI\u015e"},"content":{"rendered":"<p><strong><\/strong><\/p>\n<p>&nbsp;<\/p>\n<p>\u00dccretsiz Sinema olarak da adlandyrabilece?imiz Yzle-Tarty?, Baraka K\u00fclt\u00fcr Merkezi\u2019nin 2003 yylyndan bu yana kesintisiz ger\u00e7ekle?tirdi?i bir etkinliktir. Ylk iki yyl boyunca 15 g\u00fcnde bir ger\u00e7ekle?en etkinlik, Baraka\u2019nyn etkinlik ve faaliyetlerinin yo?unla?masy ile birlikte her ayyn ilk cumartesisi olmak \u00fczere ayda bir ger\u00e7ekle?tirilmeye ba?lamy?tyr. Bu g\u00f6sterimler \u00e7er\u00e7evesinde 70\u2019ten fazla film izledik ve halen de izlemeye devam ediyoruz.<\/p>\n<p>&nbsp;<\/p>\n<p>&nbsp;<\/p>\n<p>\u201cSinemaya Seyirci Kalmayyn\u201d slogany ile ger\u00e7ekle?tirilen Yzle-Tarty? yaz saati uygulamasynda 20:00\u2019da, ky? saati uygulamasynda da 19:00\u2019da ba?lar. Baraka\u2019nyn projeksiyon cihazy ile sinema perdesine yansytylarak yapylan g\u00f6sterimlerimizde, ses ve g\u00f6r\u00fcnt\u00fc a\u00e7ysyndan sinema kalitesini yakalady?ymyza inanyyoruz.<\/p>\n<p>Her g\u00f6sterimden sonra geceye katylan insanlar izledi?imiz filmin kendilerine \u00e7a?ry?tyrdy?y konularla ilgili sohbet etmekte, filmin i\u00e7eri?i, m\u00fczikleri, \u00e7arpycy sahneleri, bizim kendi g\u00fcnl\u00fck hayatymyza dair y\u00f6nleri vb. istedikleri her konuda konu?abilmektedirler. Her g\u00f6sterimden sonra bir sonraki filme orada bulunan insanlar kendileri karar vermektedir. Film se\u00e7erken tek kriterimiz \u00f6nerilecek filmin \u00f6neren ki?inin elinde veya bizim ar?ivimizde bulunmasydyr. Bu da duyuruyu zamanynda yapabilmemiz ve duyurdu?umuz faaliyeti ger\u00e7ekle?tirebilmemiz i\u00e7in gereklidir.<\/p>\n<p>&nbsp;<\/p>\n<p>Se\u00e7ilen film ile ilgili kysa bir sunu? yapmak \u00fczere isteyen herhangi bir ki?i sorumluluk alabilir. Genelde sunu?u, filmi \u00f6neren ki?i yapmaktadyr. Bu da Baraka\u2019nyn \u201c\u00f6neren yapar\u201d prensibinin gere?idir. Sunu?un i\u00e7eri?i, sorumluluk alan ki?inin tercihine ba?lydyr. Filmin m\u00fczikleri, i\u00e7eri?i, sahneleri, y\u00f6netmeni vs gibi boyutlary veya filmin \u00e7a?ry?tyrdy?y herhangi bir?eye dikkat \u00e7ekmek isteyen herkes sunu? i\u00e7in sorumluluk alabilir. Sorumluluk bir ki?i tarafyndan alynmak zorunda da de?ildir. Birden fazla insan da kendi aralarynda i? payla?ymy yaparak sunu?u organize edebilir.<\/p>\n<p>&nbsp;<\/p>\n<p>Film \u00f6nerisi yapylyrken sadece (bizce) olumlu filmlerin \u00f6nerilmesi ?arty yoktur. Be?enmedi?imiz bir filmi de; tarty?mak, ele?tirisini yapmak, (bizce) olumsuz bir \u00f6rne?i de irdelemek amacyyla \u00f6nerdi?imiz olur.<\/p>\n<p>Yzle-Tarty? bize, sinema izlemek amacyyla Baraka\u2019ya gelecek insanlarla ili?ki kurma, kendimizi e?itme, fikir-d\u00fc?\u00fcnce ve duygularymyzy di?er insanlara aktarma imkany sunar. Ayryca Yzle-Tarty?, okuma-tarty?madan farkly olarak sadece okuyarak d\u00fc?\u00fcnmeye de?il, g\u00f6rme, i?itme ve tarty?arak d\u00fc?\u00fcnmeye dayalydyr ve kendimizi e?itmeye en uygun etkinliktir. Yzle-Tarty?\u2019ta izlenen filmler bize, insanlaryn bazy durumlarda nasyl davranaca?yna\/davranabilece?ine ili?kin tarty?ma imkany sunar. B\u00f6ylece hem kendi davrany?larymyzy d\u00fc?\u00fcnmeye\/de?i?tirmeye fyrsat verir, hem de di?er insanlary daha iyi tanymamyza onlaryn davrany?laryny \u00f6?renmemize\/de?i?tirmemize imkan sunar.<\/p>\n<p>&nbsp;<\/p>\n<p>Yzle-Tarty? \u00f6ncesi yapylan sunumlar (sunumu yapanyn tercihine g\u00f6re), y\u00f6netmenler, m\u00fczisyenler, \u00fclkelerin tarihi, akt\u00f6rler, aktiristler, politika, ekonomi, emek m\u00fccadelesi vb. konularynda bilgi edinmemizi sa?lar ve sunum yapmak topluluk \u00f6n\u00fcnde konu?ma becerimizi geli?tirir, \u00e7e?itli konularda ara?tyrma yapmamyzy sa?lar, bilgi, duygu ve d\u00fc?\u00fcncelerimizi dostlarymyzla payla?mamyza imkan verir.<\/p>\n<p>&nbsp;<\/p>\n<p>Yzle-Tarty? sonrasy yapylan tarty?malar; bencil ve bireyci bir ?ekilde duygularymyzy kendi i\u00e7imizde tutmayy engeller ve dostlarymyzla payla?maya imkan verir. Anlamady?ymyz, yanly? anlady?ymyz noktalary farkly bir baky?la, ba?kalarynyn baky?yyla g\u00f6rmemize imkan verir. Be?eni ve zevklerimizin, ortakla?masyna hizmet eder. Kullandy?ymyz dilin benze?mesini sa?lar, birbirimizi anlamamyzy kolayla?tyryr. Ortak deneyimlerimizi arttyryr.<\/p>\n<p>&nbsp;<\/p>\n<p>D\u00fcnyamyz k\u00fcreselle?menin, yoksullu?un, evsizli?in, yrk, cins, din, dil ayrymlarynyn, s\u00f6m\u00fcr\u00fcn\u00fcn, yabancyla?manyn, \u00e7evre kirlili?inin yuvasy artyk&#8230;<\/p>\n<p>&nbsp;<\/p>\n<p>T\u00fcm bu olanlarda kendi payymyza d\u00fc?en sorumlulu?u almak, elimizden geleni yapmak&#8230; Biraz da bilmekten, hissetmekten ama en \u00f6nemlisi aramaktan\/anlamaktan ge\u00e7miyor mu?<\/p>\n<p>Sen kimsin?<\/p>\n<p>Muhalif misin?<\/p>\n<p>Kitap okur musun?\u00a0M\u00fczik dinler misin?\u00a0Film izler misin?\u00a0Yzlersen ni\u00e7in izlersin?\u00a0G\u00fclmek i\u00e7in? A?lamak i\u00e7in? Anlamak i\u00e7in?<\/p>\n<p>Uyumak i\u00e7in? Uyanmak i\u00e7in? Dinlenmek i\u00e7in?<\/p>\n<p>Tarty?mak i\u00e7in?<\/p>\n<p>Ni\u00e7in?<\/p>\n<p>&nbsp;<\/p>\n<p>Sana cevaplar sunaca?yz sanyyorsan yanylyyorsun. Ancak sorulary ve cevap arayy?laryny payla?abiliriz seninle&#8230;<\/p>\n<p>Her ayyn ilk Cumartesisi Baraka K\u00fclt\u00fcr Merkezi Lokalinde Film izliyoruz&#8230;<\/p>\n<p>Katylmak ister misin?<\/p>\n<p>&nbsp;<\/p>\n","protected":false},"excerpt":{"rendered":"<p>&nbsp; \u00dccretsiz Sinema olarak da adlandyrabilece?imiz Yzle-Tarty?, Baraka K\u00fclt\u00fcr Merkezi\u2019nin 2003 yylyndan bu yana kesintisiz ger\u00e7ekle?tirdi?i bir etkinliktir. Ylk iki yyl boyunca 15 g\u00fcnde bir<\/p>\n","protected":false},"author":1,"featured_media":0,"parent":550,"menu_order":0,"comment_status":"open","ping_status":"closed","template":"","meta":{"jetpack_post_was_ever_published":false},"jetpack_shortlink":"https:\/\/wp.me\/P4eHWX-9N","jetpack_sharing_enabled":true,"_links":{"self":[{"href":"https:\/\/baraka.cc\/index.php?rest_route=\/wp\/v2\/pages\/607"}],"collection":[{"href":"https:\/\/baraka.cc\/index.php?rest_route=\/wp\/v2\/pages"}],"about":[{"href":"https:\/\/baraka.cc\/index.php?rest_route=\/wp\/v2\/types\/page"}],"author":[{"embeddable":true,"href":"https:\/\/baraka.cc\/index.php?rest_route=\/wp\/v2\/users\/1"}],"replies":[{"embeddable":true,"href":"https:\/\/baraka.cc\/index.php?rest_route=%2Fwp%2Fv2%2Fcomments&post=607"}],"version-history":[{"count":2,"href":"https:\/\/baraka.cc\/index.php?rest_route=\/wp\/v2\/pages\/607\/revisions"}],"predecessor-version":[{"id":2399,"href":"https:\/\/baraka.cc\/index.php?rest_route=\/wp\/v2\/pages\/607\/revisions\/2399"}],"up":[{"embeddable":true,"href":"https:\/\/baraka.cc\/index.php?rest_route=\/wp\/v2\/pages\/550"}],"wp:attachment":[{"href":"https:\/\/baraka.cc\/index.php?rest_route=%2Fwp%2Fv2%2Fmedia&parent=607"}],"curies":[{"name":"wp","href":"https:\/\/api.w.org\/{rel}","templated":true}]}}