{"id":609,"date":"2013-10-22T12:43:33","date_gmt":"2013-10-22T09:43:33","guid":{"rendered":"https:\/\/baraka.cc\/?page_id=609"},"modified":"2013-10-22T12:43:33","modified_gmt":"2013-10-22T09:43:33","slug":"okuma-tartisma","status":"publish","type":"page","link":"https:\/\/baraka.cc\/?page_id=609","title":{"rendered":"OKUMA-TARTI\u015eMA"},"content":{"rendered":"<p>Okuma-Tart\u0131\u015fma Gruplar\u0131 Baraka K\u00fclt\u00fcr Merkezi Aktivistlerinin d\u00fcnyay\u0131 ve K\u0131br\u0131s\u2019\u0131 okumak, anlamak ve tart\u0131\u015fmak i\u00e7in olu\u015fturduklar\u0131 bir faaliyettir. Her per\u015fembe saat 18:00\u2019da ba\u015flayan okuma-tart\u0131\u015fma faaliyeti bir e\u011fitim \u00e7al\u0131\u015fmas\u0131ndan \u00e7ok, kar\u015f\u0131l\u0131kl\u0131 \u00f6\u011frenme s\u00fcreci olarak tan\u0131mlanabilir. Her aktivist okunmas\u0131n\u0131 istedi\u011fi metni en az 4 kopya halinde \u00e7o\u011faltarak gelir. Burada ama\u00e7, okuma s\u0131ras\u0131nda herkesin metni g\u00f6z\u00fc ile takip edebilmesidir. Metin se\u00e7erken herhangi bir kriterimiz yoktur. Hikaye, \u00f6yk\u00fc, bir romandan bir b\u00f6l\u00fcm, makale, inceleme, \u015fiir, mektup, kendi yazd\u0131\u011f\u0131m\u0131z metinler veya f\u0131kra, okunup hakk\u0131nda konu\u015fulabilecek herhangi bir\u015fey okuma-tart\u0131\u015fma gruplar\u0131na getirilebilir. Gelen metinler kat\u0131l\u0131mc\u0131lar taraf\u0131ndan s\u0131raya konur ve okunur. Okuma-Tart\u0131\u015fma Gruplar\u0131 2003 y\u0131l\u0131ndan beri devam etmektedir. \u0130lerleyen zamanlarda panel-konferans tarz\u0131 etkinliklerin organizasyonunu yapmak da planlar\u0131m\u0131z aras\u0131ndad\u0131r. Okuma Grubunun ne oldu\u011funu d\u00fc\u015f\u00fcnmeye ba\u015flad\u0131\u011f\u0131m\u0131z zaman, \u00f6zet olarak kolektif bir okuman\u0131n farkl\u0131 bak\u0131\u015f a\u00e7\u0131lar\u0131yla bir araya geldi\u011fi bir zaman dilimi diye k\u0131sa bir tan\u0131mlamada bulunabiliriz. Ama bu tan\u0131m kendi ba\u015f\u0131na bir yeterlilik arz eder mi? Tabii ki hay\u0131r! Okuma Grublar\u0131 okuma grubuna kat\u0131lan insanlar\u0131n birbirlerini\u00a0 tan\u0131mas\u0131, kendi bak\u0131\u015f a\u00e7\u0131lar\u0131n\u0131 ba\u015fka bak\u0131\u015f a\u00e7\u0131lar\u0131yla kar\u015f\u0131la\u015ft\u0131r\u0131p, kendisinin ve d\u00fc\u015f\u00fcncelerinin nas\u0131l bir durum i\u00e7inde oldu\u011funu anlamas\u0131 i\u00e7in \u00f6nemli bir etkinliktir. Di\u011fer bir \u00e7ok yap\u0131n\u0131n yapt\u0131\u011f\u0131 e\u011fitim \u00e7al\u0131\u015fmalar\u0131ndan farkl\u0131 bir deyi\u015fle, tepeden indirgemeci bir anlay\u0131\u015f tamamen terk edilmi\u015f ve kendi i\u00e7inde \u00f6zg\u00fcrl\u00fck\u00e7\u00fc bir anlay\u0131\u015f\u0131 sahiplenmi\u015ftir. Okuma Grublar\u0131nda, insan\u0131n kendi k\u00fclt\u00fcrel zenginli\u011finden do\u011fan \u00e7e\u015fitlilik \u00f6n plandad\u0131r. Farkl\u0131 ilgi alanlar\u0131na sahip olan insanlar be\u011fendikleri ama be\u011fenmedikleri, ilgilendikleri ama ilgilenmedikleri her \u015feyi\u00a0 okuma grublar\u0131na getirebilir ve toplu halde bu okuma \u00e7al\u0131\u015fmalar\u0131n\u0131 ger\u00e7ekle\u015ftirir. \u00d6yk\u00fcden \u015fiire, politik yaz\u0131lardan sanatla ilgili yaz\u0131lara, bilimden felsefeye kadar uzanan geni\u015f bir yelpaze i\u00e7inde Okuma Gruplar\u0131 kendine zemin bulur.\u00a0\u00a0\u00a0 Haftada bir g\u00fcn iki saatini ay\u0131ran herkes okuma-tart\u0131\u015fma gruplar\u0131m\u0131za kat\u0131labilir.<\/p>\n<p>&nbsp;<\/p>\n<p><a href=\"https:\/\/www.baraka.cc\/images\/stories\/ot_nedir.jpg\" target=\"_blank\"><img decoding=\"async\" loading=\"lazy\" alt=\" \" src=\"https:\/\/www.baraka.cc\/images\/stories\/ot_nedir.jpg\" width=\"200\" height=\"160\" border=\"2\" \/><\/a><\/p>\n<p><strong>Davet<\/strong><\/p>\n<p>Tarihi, irademizi resmi ideolojinin esaretinden kurtararak yorumlayabilmenin; g\u00fcn\u00fcm\u00fcz d\u00fcnyas\u0131n\u0131n sorunlar\u0131n\u0131 sistemin aldatmacalar\u0131ndan etkilenmeden alg\u0131layabilmenin yolu okumaktan ve tart\u0131\u015fmaktan ge\u00e7er.\u00a0Resmi ideolojinin bi\u00e7imlendirdi\u011fi e\u011fitim anlay\u0131\u015f\u0131na kar\u015f\u0131 kendi alternatif e\u011fitim anlay\u0131\u015f\u0131m\u0131z\u0131 g\u00fc\u00e7lendirmek; pop\u00fcler k\u00fclt\u00fcr\u00fcn \u00f6n\u00fcnde bir engel olu\u015fturmak, pop\u00fcler k\u00fclt\u00fcre kar\u015f\u0131 kendi sava\u015f\u0131m ara\u00e7lar\u0131m\u0131z\u0131 yaratmak; kapitalizmin bizlere sundu\u011fu \u201ctek tip\u201dlere ve \u201cher \u015fey \u00e7ok g\u00fczel\u201dlere kar\u015f\u0131 , \u201c\u00e7e\u015fitliliklerin\u201d ve \u201c\u00e7eli\u015fkilerin\u201d fark\u0131na varabilmek i\u00e7in okumak ve tart\u0131\u015fmak.\u00a0Olaylar\u0131n ve olgular\u0131n \u00fczerinden y\u00fczeysel olarak ge\u00e7mek de\u011fil, daha iyi anlamak ve a\u00e7\u0131kl\u0131\u011fa kavu\u015fturmak i\u00e7in detaylar\u0131 ile birlikte analiz etmek; diyalekti\u011fi g\u00fcndelik ya\u015fant\u0131m\u0131z\u0131n her an\u0131nda bilin\u00e7li bir \u015fekilde uygulayabilmek i\u00e7in okumak ve tart\u0131\u015fmak.\u00a0\u0130rademizi sisteme zincirleyen k\u00f6hne ideolojilerin k\u0131skac\u0131ndan kurtararak, ke\u015ffedilmemi\u015f ufuklara bilim ve d\u00fc\u015f\u00fcnce e\u015fli\u011finde yelken a\u00e7mak, beyinlerimizi \u201cmoda\u201dn\u0131n demir parmakl\u0131klar\u0131ndan \u00e7\u0131kararak ger\u00e7e\u011fin bilgisine ula\u015fabilmek i\u00e7in okumak ve tart\u0131\u015fmak.\u00a0D\u00fcnya\u2019daki tek sorunun KIBRIS SORUNU olmad\u0131\u011f\u0131n\u0131 anlamak, \u201cKKTC ambargolar alt\u0131ndad\u0131r\u201d diye diye beyinlerimize ve d\u00fc\u015flerimize biz fark\u0131na varmadan\u00a0 uygulanan ambargoyu k\u0131rmak ve \u201cB\u00fcy\u00fck \u0130nsanl\u0131\u011f\u0131n\u201d bir par\u00e7as\u0131 oldu\u011fumuzun fark\u0131na varmak i\u00e7in okumak ve tart\u0131\u015fmak. \u00a0\u00a0Bilgi d\u00fcnyas\u0131n\u0131n s\u0131n\u0131rs\u0131zl\u0131\u011f\u0131 i\u00e7erisinde her zaman kendi kendimizin s\u0131n\u0131rlar\u0131n\u0131 zorlamak, d\u00fc\u015f\u00fcncenin derinliklerine indik\u00e7e \u00f6zg\u00fcrle\u015fmek ve \u00f6zg\u00fcrle\u015ftirmek i\u00e7in; her Per\u015fembe ak\u015fam\u0131 saat 18:00\u2019da sizleri okuma at\u00f6lyelerimize bekliyoruz, bu davet bizim!<\/p>\n","protected":false},"excerpt":{"rendered":"<p>Okuma-Tart\u0131\u015fma Gruplar\u0131 Baraka K\u00fclt\u00fcr Merkezi Aktivistlerinin d\u00fcnyay\u0131 ve K\u0131br\u0131s\u2019\u0131 okumak, anlamak ve tart\u0131\u015fmak i\u00e7in olu\u015fturduklar\u0131 bir faaliyettir. Her per\u015fembe saat 18:00\u2019da ba\u015flayan okuma-tart\u0131\u015fma faaliyeti bir<\/p>\n","protected":false},"author":1,"featured_media":0,"parent":550,"menu_order":0,"comment_status":"open","ping_status":"open","template":"","meta":{"jetpack_post_was_ever_published":false},"jetpack_shortlink":"https:\/\/wp.me\/P4eHWX-9P","jetpack_sharing_enabled":true,"_links":{"self":[{"href":"https:\/\/baraka.cc\/index.php?rest_route=\/wp\/v2\/pages\/609"}],"collection":[{"href":"https:\/\/baraka.cc\/index.php?rest_route=\/wp\/v2\/pages"}],"about":[{"href":"https:\/\/baraka.cc\/index.php?rest_route=\/wp\/v2\/types\/page"}],"author":[{"embeddable":true,"href":"https:\/\/baraka.cc\/index.php?rest_route=\/wp\/v2\/users\/1"}],"replies":[{"embeddable":true,"href":"https:\/\/baraka.cc\/index.php?rest_route=%2Fwp%2Fv2%2Fcomments&post=609"}],"version-history":[{"count":1,"href":"https:\/\/baraka.cc\/index.php?rest_route=\/wp\/v2\/pages\/609\/revisions"}],"predecessor-version":[{"id":610,"href":"https:\/\/baraka.cc\/index.php?rest_route=\/wp\/v2\/pages\/609\/revisions\/610"}],"up":[{"embeddable":true,"href":"https:\/\/baraka.cc\/index.php?rest_route=\/wp\/v2\/pages\/550"}],"wp:attachment":[{"href":"https:\/\/baraka.cc\/index.php?rest_route=%2Fwp%2Fv2%2Fmedia&parent=609"}],"curies":[{"name":"wp","href":"https:\/\/api.w.org\/{rel}","templated":true}]}}