{"id":611,"date":"2013-10-22T12:45:39","date_gmt":"2013-10-22T09:45:39","guid":{"rendered":"https:\/\/baraka.cc\/?page_id=611"},"modified":"2013-10-22T12:53:12","modified_gmt":"2013-10-22T09:53:12","slug":"kutuphane","status":"publish","type":"page","link":"https:\/\/baraka.cc\/?page_id=611","title":{"rendered":"K\u00dcT\u00dcPHANE"},"content":{"rendered":"<p>Baraka K\u00fclt\u00fcr Merkezi\u2019nin K\u0131z\u0131lba\u015f\u2019taki lokalinde yer alan ve 3000\u2019e yak\u0131n kitab\u0131n bulundu\u011fu k\u00fct\u00fcphane yenilenerek halka a\u00e7\u0131ld\u0131. Roman, \u00f6yk\u00fc, politika-inceleme, \u015fiir, K\u0131br\u0131s kitaplar\u0131, sanat, tiyatro, felsefe, kad\u0131n, e\u011fitim, \u00e7ocuk gibi kategorilerde kitaplar\u0131n bulundu\u011fu k\u00fct\u00fcphaneden \u00fcyelik sistemiyle herkes yararlanabilecek. Ayr\u0131ca Arif Hasan Tahsin\u2019in kitaplar\u0131ndan olu\u015fan \u00f6zel Arif Hoca Kitapl\u0131\u011f\u0131 b\u00f6l\u00fcm\u00fcndeki kitaplar da, dernek lokali i\u00e7erisinde incelenebilecek.<\/p>\n<p>Baraka k\u00fct\u00fcphanesi, yakla\u015f\u0131k on y\u0131ll\u0131k bir biriklimin sonucu olarak, ba\u011f\u0131\u015f, sat\u0131n alma, payla\u015f\u0131m, dayan\u0131\u015fma gibi y\u00f6ntemlerle b\u00fcy\u00fcyen ve hala daha b\u00fcy\u00fcmeye devam eden bir kitapl\u0131k. \u00dcyelik sistemi, kar mant\u0131\u011f\u0131 \u00fczerine kurulu olmay\u0131p, k\u00fct\u00fcphanenin geli\u015fmesi ve b\u00fcy\u00fcmesi \u00fczerine kurulu. Bu ba\u011flamda \u00fcyelik ko\u015fullar\u0131, k\u00fct\u00fcphaneye ba\u011f\u0131\u015flanacak kitap veya c\u00fczi miktarda para \u015feklindedir.<\/p>\n<p>\u00dcyelik i\u00e7in i\u00e7in detayl\u0131 bilgi ve okuyucuya kolayl\u0131k sa\u011flamak amac\u0131yla k\u00fct\u00fcphanede yer alan kitaplar\u0131n listesi, kategorilerine ayr\u0131lm\u0131\u015f olarak sayfam\u0131zda yer almaktad\u0131r.<\/p>\n<p>\u00c7e\u015fitli ya\u015f gruplar\u0131na ve farkl\u0131 okuma zevklerine hitap eden binlerce kitab\u0131n bulundu\u011fu k\u00fct\u00fcphaneden yararlan\u0131labilecek g\u00fcn ve saatler:<\/p>\n<p>Sal\u0131, \u00c7ar\u015famba, Cuma:17.00-18.00<\/p>\n<p>Cumartesi: 08.30-13.00<\/p>\n<p>&nbsp;<\/p>\n<p>&nbsp;<br \/>\n<a href=\"https:\/\/www.baraka.cc\/images\/stories\/kutuphane1.jpg\" target=\"_blank\"><img decoding=\"async\" loading=\"lazy\" alt=\" \" src=\"https:\/\/www.baraka.cc\/images\/stories\/kutuphane1.jpg\" width=\"200\" height=\"150\" border=\"2\" \/><\/a><\/p>\n<p class=\"MsoNormal\" style=\"margin-bottom: 0.0001pt; text-align: justify; line-height: 200%;\"><a href=\"https:\/\/www.baraka.cc\/images\/stories\/arifhoca_1.JPG\" target=\"_blank\"><img decoding=\"async\" loading=\"lazy\" alt=\" \" src=\"https:\/\/www.baraka.cc\/images\/stories\/arifhoca_1.JPG\" width=\"200\" height=\"133\" align=\"left\" border=\"2\" \/><\/a><\/p>\n<p>&nbsp;<\/p>\n<p>&nbsp;<\/p>\n<p>&nbsp;<\/p>\n<p>&nbsp;<\/p>\n<p>&nbsp;<\/p>\n<p><a href=\"https:\/\/www.baraka.cc\/down\/kutuphane.doc\" target=\"_blank\">K\u00fct\u00fcphane kurallar\u0131<\/a><\/p>\n<p>&nbsp;<\/p>\n<table border=\"1\" cellspacing=\"0\" cellpadding=\"0\">\n<tbody>\n<tr>\n<td valign=\"top\" width=\"288\"><a href=\"https:\/\/www.baraka.cc\/down\/kutuphane_ani_biyografi.xlsx\" target=\"_blank\">An\u0131 Biyografi<\/a><\/td>\n<\/tr>\n<tr>\n<td valign=\"top\" width=\"288\"><a href=\"https:\/\/www.baraka.cc\/down\/kutuphane_cocuk.xlsx\" target=\"_blank\">\u00c7ocuk<\/a><\/td>\n<\/tr>\n<tr>\n<td valign=\"top\" width=\"288\"><a href=\"https:\/\/www.baraka.cc\/down\/kutuphane_felsefe.xlsx\" target=\"_blank\">Felsefe<\/a><\/td>\n<\/tr>\n<tr>\n<td valign=\"top\" width=\"288\"><a href=\"https:\/\/www.baraka.cc\/down\/kutuphane_kadin.xlsx\" target=\"_blank\">Kad\u0131n<\/a><\/td>\n<\/tr>\n<tr>\n<td valign=\"top\" width=\"288\"><a href=\"https:\/\/www.baraka.cc\/down\/kutuphane_kibris.xlsx\" target=\"_blank\">K\u0131br\u0131s<\/a><\/td>\n<\/tr>\n<tr>\n<td valign=\"top\" width=\"288\"><a href=\"https:\/\/www.baraka.cc\/down\/kutuphane_politik_inceleme.xlsx\" target=\"_blank\">Politik \u0130nceleme<\/a><\/td>\n<\/tr>\n<tr>\n<td valign=\"top\" width=\"288\"><a href=\"https:\/\/www.baraka.cc\/down\/kutuphane_roman_oyku.xlsx\" target=\"_blank\">Roman &#8211; \u00d6yk\u00fc<\/a><\/td>\n<\/tr>\n<tr>\n<td valign=\"top\" width=\"288\"><a href=\"https:\/\/www.baraka.cc\/down\/kutuphane_sanat.xlsx\" target=\"_blank\">Sanat<\/a><\/td>\n<\/tr>\n<tr>\n<td valign=\"top\" width=\"288\"><a href=\"https:\/\/www.baraka.cc\/down\/kutuphane_siir.xlsx\" target=\"_blank\">\u015eiir<\/a><\/td>\n<\/tr>\n<tr>\n<td valign=\"top\" width=\"288\"><a href=\"https:\/\/www.baraka.cc\/down\/kutuphane_egitim.xlsx\" target=\"_blank\">E\u011fitim<\/a><\/td>\n<\/tr>\n<tr>\n<td valign=\"top\" width=\"288\"><a href=\"https:\/\/www.baraka.cc\/down\/kutuphane_arif_hoca.xlsx\" target=\"_blank\">Arif Hoca Kitapl\u0131\u011f\u0131<\/a><\/td>\n<\/tr>\n<\/tbody>\n<\/table>\n<table border=\"1\" cellspacing=\"0\" cellpadding=\"0\">\n<tbody>\n<tr>\n<td valign=\"top\" width=\"288\"><a href=\"https:\/\/www.baraka.cc\/down\/kutuphane_tiyatro.xlsx\" target=\"_blank\">Tiyatro<\/a><\/td>\n<\/tr>\n<tr>\n<td valign=\"top\" width=\"288\"><a href=\"https:\/\/www.baraka.cc\/down\/kutuphane_yabanci_dil.xlsx\" target=\"_blank\">Yabanc\u0131 Dil<\/a><\/td>\n<\/tr>\n<\/tbody>\n<\/table>\n<p>&nbsp;<\/p>\n<p>&nbsp;<\/p>\n","protected":false},"excerpt":{"rendered":"<p>Baraka K\u00fclt\u00fcr Merkezi\u2019nin K\u0131z\u0131lba\u015f\u2019taki lokalinde yer alan ve 3000\u2019e yak\u0131n kitab\u0131n bulundu\u011fu k\u00fct\u00fcphane yenilenerek halka a\u00e7\u0131ld\u0131. Roman, \u00f6yk\u00fc, politika-inceleme, \u015fiir, K\u0131br\u0131s kitaplar\u0131, sanat, tiyatro, felsefe,<\/p>\n","protected":false},"author":1,"featured_media":0,"parent":550,"menu_order":0,"comment_status":"open","ping_status":"open","template":"","meta":{"jetpack_post_was_ever_published":false},"jetpack_shortlink":"https:\/\/wp.me\/P4eHWX-9R","jetpack_sharing_enabled":true,"_links":{"self":[{"href":"https:\/\/baraka.cc\/index.php?rest_route=\/wp\/v2\/pages\/611"}],"collection":[{"href":"https:\/\/baraka.cc\/index.php?rest_route=\/wp\/v2\/pages"}],"about":[{"href":"https:\/\/baraka.cc\/index.php?rest_route=\/wp\/v2\/types\/page"}],"author":[{"embeddable":true,"href":"https:\/\/baraka.cc\/index.php?rest_route=\/wp\/v2\/users\/1"}],"replies":[{"embeddable":true,"href":"https:\/\/baraka.cc\/index.php?rest_route=%2Fwp%2Fv2%2Fcomments&post=611"}],"version-history":[{"count":2,"href":"https:\/\/baraka.cc\/index.php?rest_route=\/wp\/v2\/pages\/611\/revisions"}],"predecessor-version":[{"id":631,"href":"https:\/\/baraka.cc\/index.php?rest_route=\/wp\/v2\/pages\/611\/revisions\/631"}],"up":[{"embeddable":true,"href":"https:\/\/baraka.cc\/index.php?rest_route=\/wp\/v2\/pages\/550"}],"wp:attachment":[{"href":"https:\/\/baraka.cc\/index.php?rest_route=%2Fwp%2Fv2%2Fmedia&parent=611"}],"curies":[{"name":"wp","href":"https:\/\/api.w.org\/{rel}","templated":true}]}}