{"id":613,"date":"2013-10-22T12:46:15","date_gmt":"2013-10-22T09:46:15","guid":{"rendered":"https:\/\/baraka.cc\/?page_id=613"},"modified":"2013-10-22T12:46:15","modified_gmt":"2013-10-22T09:46:15","slug":"vcddvd-grubu","status":"publish","type":"page","link":"https:\/\/baraka.cc\/?page_id=613","title":{"rendered":"VCD\/DVD GRUBU"},"content":{"rendered":"<p><strong>\u00a0<\/strong><\/p>\n<p>Baraka dostlar\u0131n\u0131n ba\u011f\u0131\u015flar\u0131 ile alt\u0131 y\u0131ll\u0131k birikim neticesinde olu\u015fturulan Baraka VCD\/DVD ar\u015fivi, film severlerin kullan\u0131m\u0131na a\u00e7\u0131ld\u0131. VCD\/DVD ar\u015fivinde 2000&#8217;e yak\u0131n belgesel, kurmaca, drama, komedi, aksiyon, k\u0131sa-metraj ve d\u00fcnya \u00e7ap\u0131ndaki festivallerde \u00f6d\u00fcl alm\u0131\u015f filmler\u00a0bulunuyor.<\/p>\n<p>\u00dcyelik sistemi ile herkesin yararlanabilece\u011fi VCD\/DVD ar\u015fivi, Baraka K\u00fclt\u00fcr Merkezi\u2019nin Suri\u00e7i&#8217;ndeki lokalinde yer almaktad\u0131r.\u00a0Filmlerin listesine ve film\u00a0kiralama kurallar\u0131na a\u015fa\u011f\u0131daki linklerden ula\u015fabilirsiniz.<\/p>\n<p><strong>\u00a0\u00a0\u00a0\u00a0 <\/strong>\u00a0<a href=\"https:\/\/www.baraka.cc\/down\/vcd_dvd_kurallar.doc\" target=\"_blank\">VCD\/DVD Grubu Kurallar\u0131<\/a><\/p>\n<p><a href=\"https:\/\/www.baraka.cc\/down\/vcd_dvd_arsiv.xls\" target=\"_blank\">VCD\/DVD Film Listesi<\/a><\/p>\n<p>&nbsp;<\/p>\n","protected":false},"excerpt":{"rendered":"<p>\u00a0 Baraka dostlar\u0131n\u0131n ba\u011f\u0131\u015flar\u0131 ile alt\u0131 y\u0131ll\u0131k birikim neticesinde olu\u015fturulan Baraka VCD\/DVD ar\u015fivi, film severlerin kullan\u0131m\u0131na a\u00e7\u0131ld\u0131. VCD\/DVD ar\u015fivinde 2000&#8217;e yak\u0131n belgesel, kurmaca, drama, komedi,<\/p>\n","protected":false},"author":1,"featured_media":0,"parent":550,"menu_order":0,"comment_status":"open","ping_status":"open","template":"","meta":{"jetpack_post_was_ever_published":false},"jetpack_shortlink":"https:\/\/wp.me\/P4eHWX-9T","jetpack_sharing_enabled":true,"_links":{"self":[{"href":"https:\/\/baraka.cc\/index.php?rest_route=\/wp\/v2\/pages\/613"}],"collection":[{"href":"https:\/\/baraka.cc\/index.php?rest_route=\/wp\/v2\/pages"}],"about":[{"href":"https:\/\/baraka.cc\/index.php?rest_route=\/wp\/v2\/types\/page"}],"author":[{"embeddable":true,"href":"https:\/\/baraka.cc\/index.php?rest_route=\/wp\/v2\/users\/1"}],"replies":[{"embeddable":true,"href":"https:\/\/baraka.cc\/index.php?rest_route=%2Fwp%2Fv2%2Fcomments&post=613"}],"version-history":[{"count":1,"href":"https:\/\/baraka.cc\/index.php?rest_route=\/wp\/v2\/pages\/613\/revisions"}],"predecessor-version":[{"id":614,"href":"https:\/\/baraka.cc\/index.php?rest_route=\/wp\/v2\/pages\/613\/revisions\/614"}],"up":[{"embeddable":true,"href":"https:\/\/baraka.cc\/index.php?rest_route=\/wp\/v2\/pages\/550"}],"wp:attachment":[{"href":"https:\/\/baraka.cc\/index.php?rest_route=%2Fwp%2Fv2%2Fmedia&parent=613"}],"curies":[{"name":"wp","href":"https:\/\/api.w.org\/{rel}","templated":true}]}}