{"id":615,"date":"2013-10-22T12:47:14","date_gmt":"2013-10-22T09:47:14","guid":{"rendered":"https:\/\/baraka.cc\/?page_id=615"},"modified":"2013-10-22T12:47:14","modified_gmt":"2013-10-22T09:47:14","slug":"cumartesi-sohbetleri","status":"publish","type":"page","link":"https:\/\/baraka.cc\/?page_id=615","title":{"rendered":"CUMARTES\u0130 SOHBETLER\u0130"},"content":{"rendered":"<p>&nbsp;<\/p>\n<p>Baraka\u2019da bir d\u00f6nemi etkileyen etkinliklerden biri de Cumartesi Sohbetleri veya di\u011fer ad\u0131yla Kahvalt\u0131 Sohbetleri\u2019dir. Hayat\u0131m\u0131za Baraka girdikten sonra mekan\u0131m\u0131z\u0131, fikirlerimizi, duru\u015fumuzu payla\u015fmak ad\u0131na ortaya \u00e7\u0131kard\u0131\u011f\u0131m\u0131z etkinlik, \u015fu anda devam etmese de etkisi hala hissedilmektedir. Sohbetler her isteyenin kat\u0131labilece\u011fi \u015fekilde organize edilip ve her Cumartesi saat 10:30 \u2018da ba\u011fl\u0131yordu. Arkada\u015flarla bulu\u015fup ortakla\u015fa ald\u0131\u011f\u0131m\u0131z kahvalt\u0131 malzemeleri ve g\u00fcnl\u00fck gazetelerle Baraka\u2019ya gelerek hem ortama \u0131s\u0131n\u0131yorduk hem de d\u00fcnyan\u0131n ve \u00fclkenin g\u00fcndemini tart\u0131\u015fmaya \u00e7al\u0131\u015f\u0131yorduk.<\/p>\n<p>Kahvalt\u0131 yaparken okumak, kahvalt\u0131 yaparken tart\u0131\u015fmak, b\u00fct\u00fcn bunlar\u0131 yeni olu\u015fan mekan\u0131m\u0131zda yapmak yeni arkada\u015flar\u0131 ortama katmak hem bize hem Baraka\u2019ya b\u00fcy\u00fck katk\u0131 sa\u011flad\u0131. G\u00f6ky\u00fcz\u00fcn\u00fcn alt\u0131nda ne ya\u015fan\u0131yorsa okuduk, konu\u015ftuk ve tart\u0131\u015ft\u0131k&#8230;<\/p>\n<p><a href=\"https:\/\/www.baraka.cc\/images\/stories\/cts1.jpg\" target=\"_blank\"><img decoding=\"async\" loading=\"lazy\" alt=\" \" src=\"https:\/\/www.baraka.cc\/images\/stories\/cts1.jpg\" width=\"200\" height=\"289\" border=\"2\" \/><\/a>\u00a0<a href=\"https:\/\/www.baraka.cc\/images\/stories\/cts2.jpg\" target=\"_blank\"><img decoding=\"async\" loading=\"lazy\" alt=\" \" src=\"https:\/\/www.baraka.cc\/images\/stories\/cts2.jpg\" width=\"200\" height=\"289\" border=\"2\" \/><\/a>\u00a0<a href=\"https:\/\/www.baraka.cc\/images\/stories\/cts3.jpg\" target=\"_blank\"><img decoding=\"async\" loading=\"lazy\" alt=\" \" src=\"https:\/\/www.baraka.cc\/images\/stories\/cts3.jpg\" width=\"200\" height=\"131\" border=\"2\" \/><\/a><\/p>\n","protected":false},"excerpt":{"rendered":"<p>&nbsp; Baraka\u2019da bir d\u00f6nemi etkileyen etkinliklerden biri de Cumartesi Sohbetleri veya di\u011fer ad\u0131yla Kahvalt\u0131 Sohbetleri\u2019dir. Hayat\u0131m\u0131za Baraka girdikten sonra mekan\u0131m\u0131z\u0131, fikirlerimizi, duru\u015fumuzu payla\u015fmak ad\u0131na ortaya<\/p>\n","protected":false},"author":1,"featured_media":0,"parent":550,"menu_order":0,"comment_status":"open","ping_status":"open","template":"","meta":{"jetpack_post_was_ever_published":false},"jetpack_shortlink":"https:\/\/wp.me\/P4eHWX-9V","jetpack_sharing_enabled":true,"_links":{"self":[{"href":"https:\/\/baraka.cc\/index.php?rest_route=\/wp\/v2\/pages\/615"}],"collection":[{"href":"https:\/\/baraka.cc\/index.php?rest_route=\/wp\/v2\/pages"}],"about":[{"href":"https:\/\/baraka.cc\/index.php?rest_route=\/wp\/v2\/types\/page"}],"author":[{"embeddable":true,"href":"https:\/\/baraka.cc\/index.php?rest_route=\/wp\/v2\/users\/1"}],"replies":[{"embeddable":true,"href":"https:\/\/baraka.cc\/index.php?rest_route=%2Fwp%2Fv2%2Fcomments&post=615"}],"version-history":[{"count":1,"href":"https:\/\/baraka.cc\/index.php?rest_route=\/wp\/v2\/pages\/615\/revisions"}],"predecessor-version":[{"id":616,"href":"https:\/\/baraka.cc\/index.php?rest_route=\/wp\/v2\/pages\/615\/revisions\/616"}],"up":[{"embeddable":true,"href":"https:\/\/baraka.cc\/index.php?rest_route=\/wp\/v2\/pages\/550"}],"wp:attachment":[{"href":"https:\/\/baraka.cc\/index.php?rest_route=%2Fwp%2Fv2%2Fmedia&parent=615"}],"curies":[{"name":"wp","href":"https:\/\/api.w.org\/{rel}","templated":true}]}}