{"id":617,"date":"2013-10-22T12:48:11","date_gmt":"2013-10-22T09:48:11","guid":{"rendered":"https:\/\/baraka.cc\/?page_id=617"},"modified":"2013-10-22T12:48:11","modified_gmt":"2013-10-22T09:48:11","slug":"satranc-grubu","status":"publish","type":"page","link":"https:\/\/baraka.cc\/?page_id=617","title":{"rendered":"SATRAN\u00c7 GRUBU"},"content":{"rendered":"<p>&nbsp;<\/p>\n<p>Baraka K\u00fclt\u00fcr Merkezi kuruldu\u011fu 2001 y\u0131l\u0131ndan ba\u015flayarak 2002 y\u0131l\u0131na kadar bir satran\u00e7 grubu olu\u015fturdu. Bu grup \u00f6ncelikle temel satran\u00e7 e\u011fitimi vermeye ba\u015flad\u0131. Kurulu\u015ftan itibaren ama\u00e7lar aras\u0131nda satran\u00e7 turnuvalar\u0131 organize etmek, organize edilen \u00e7e\u015fitli turnuvalara kat\u0131lmak ve uzun vadede satran\u00e7 ligine bir tak\u0131m ile kat\u0131lmak da vard\u0131.<\/p>\n<p>&nbsp;<\/p>\n<p>Ancak bir y\u0131l kadar devam eden dersler \u00fclke g\u00fcndemi ve Baraka\u2019n\u0131n ilk mekan\u0131ndan ta\u015f\u0131nmas\u0131na yol a\u00e7an nedenlerle kesintiye u\u011frad\u0131. Daha sonra ise yo\u011fun g\u00fcndemimizden birt\u00fcrl\u00fc organize bir satran\u00e7 \u00e7al\u0131\u015fmas\u0131na ba\u015flayamad\u0131k. Gene de satran\u00e7, k\u00fclt\u00fcr merkezimizde ge\u00e7irdi\u011fimiz vakitlerde s\u00fcrekli yineledi\u011fimiz bir beyin sporu olarak kalmaya devam etti.<\/p>\n<p>&nbsp;<\/p>\n<p>2006 y\u0131l\u0131nda ger\u00e7ekle\u015fen ilk yaz kamp\u0131m\u0131zda satran\u00e7 sever Baraka Aktivistleri bir turnuva d\u00fczenleyerek y\u0131llardan sonra ilk kez satranc\u0131 organize bir \u015fekilde Baraka\u2019n\u0131n g\u00fcndemine soktular. Ve bu faaliyet her y\u0131l yinelenmeye ba\u015flad\u0131. Bundan sonraki zamanlarda Satran\u00e7 \u00c7al\u0131\u015fma Grubunu yeniden aktif hale getirmek hedeflerimiz aras\u0131ndad\u0131r.<br \/>\n<a href=\"https:\/\/www.baraka.cc\/images\/stories\/satranc1.jpg\" target=\"_blank\"><img decoding=\"async\" loading=\"lazy\" alt=\" \" src=\"https:\/\/www.baraka.cc\/images\/stories\/satranc1.jpg\" width=\"200\" height=\"139\" border=\"2\" \/><\/a>\u00a0<a href=\"https:\/\/www.baraka.cc\/images\/stories\/satranc2.jpg\" target=\"_blank\"><img decoding=\"async\" loading=\"lazy\" alt=\" \" src=\"https:\/\/www.baraka.cc\/images\/stories\/satranc2.jpg\" width=\"200\" height=\"153\" border=\"2\" \/><\/a><br \/>\n<a href=\"https:\/\/www.baraka.cc\/down\/satranctarih.doc\" target=\"_blank\">Satranc\u0131n K\u0131sa Tarihi<\/a><\/p>\n<p><a href=\"https:\/\/www.baraka.cc\/down\/onaltinogut.doc\" target=\"_blank\">On Alt\u0131n \u00d6\u011f\u00fct<\/a><\/p>\n<p><a href=\"https:\/\/www.baraka.cc\/down\/satrancharita.doc\" target=\"_blank\">Satran\u00e7 Ders Haritas\u0131<\/a><\/p>\n<p><a href=\"https:\/\/www.baraka.cc\/down\/ders1.ppt\" target=\"_blank\">Ders Notlar\u0131 1 (A\u00e7\u0131l\u0131\u015f)<\/a><\/p>\n<p><a href=\"https:\/\/www.baraka.cc\/down\/ders2.ppt\" target=\"_blank\">Ders Notlar\u0131 2 (Oyun Sonu)<\/a><\/p>\n<p><a href=\"https:\/\/www.baraka.cc\/down\/ders3.ppt\" target=\"_blank\">Ders Notlar\u0131 3 (Oyun Sonu)<\/a><\/p>\n<p><a href=\"https:\/\/www.baraka.cc\/down\/ders4.ppt\" target=\"_blank\">Ders Notlar\u0131 4 (Oyun Sonu)<\/a><\/p>\n<p><a href=\"https:\/\/www.baraka.cc\/down\/ders5.ppt\" target=\"_blank\">Ders Notlar\u0131 5 (Oyun Sonu)<\/a><\/p>\n<p>&nbsp;<\/p>\n","protected":false},"excerpt":{"rendered":"<p>&nbsp; Baraka K\u00fclt\u00fcr Merkezi kuruldu\u011fu 2001 y\u0131l\u0131ndan ba\u015flayarak 2002 y\u0131l\u0131na kadar bir satran\u00e7 grubu olu\u015fturdu. Bu grup \u00f6ncelikle temel satran\u00e7 e\u011fitimi vermeye ba\u015flad\u0131. Kurulu\u015ftan itibaren<\/p>\n","protected":false},"author":1,"featured_media":0,"parent":550,"menu_order":0,"comment_status":"open","ping_status":"open","template":"","meta":{"jetpack_post_was_ever_published":false},"jetpack_shortlink":"https:\/\/wp.me\/P4eHWX-9X","jetpack_sharing_enabled":true,"_links":{"self":[{"href":"https:\/\/baraka.cc\/index.php?rest_route=\/wp\/v2\/pages\/617"}],"collection":[{"href":"https:\/\/baraka.cc\/index.php?rest_route=\/wp\/v2\/pages"}],"about":[{"href":"https:\/\/baraka.cc\/index.php?rest_route=\/wp\/v2\/types\/page"}],"author":[{"embeddable":true,"href":"https:\/\/baraka.cc\/index.php?rest_route=\/wp\/v2\/users\/1"}],"replies":[{"embeddable":true,"href":"https:\/\/baraka.cc\/index.php?rest_route=%2Fwp%2Fv2%2Fcomments&post=617"}],"version-history":[{"count":1,"href":"https:\/\/baraka.cc\/index.php?rest_route=\/wp\/v2\/pages\/617\/revisions"}],"predecessor-version":[{"id":618,"href":"https:\/\/baraka.cc\/index.php?rest_route=\/wp\/v2\/pages\/617\/revisions\/618"}],"up":[{"embeddable":true,"href":"https:\/\/baraka.cc\/index.php?rest_route=\/wp\/v2\/pages\/550"}],"wp:attachment":[{"href":"https:\/\/baraka.cc\/index.php?rest_route=%2Fwp%2Fv2%2Fmedia&parent=617"}],"curies":[{"name":"wp","href":"https:\/\/api.w.org\/{rel}","templated":true}]}}