{"id":619,"date":"2013-10-22T12:49:04","date_gmt":"2013-10-22T09:49:04","guid":{"rendered":"https:\/\/baraka.cc\/?page_id=619"},"modified":"2013-10-22T12:49:04","modified_gmt":"2013-10-22T09:49:04","slug":"bilgisayar-kursu","status":"publish","type":"page","link":"https:\/\/baraka.cc\/?page_id=619","title":{"rendered":"B\u0130LG\u0130SAYAR KURSU"},"content":{"rendered":"<p>K\u0131br\u0131s\u2019\u0131n kuzeyinde yaz\u0131l\u0131m lisans\u0131 denetlenmedi\u011finden insanlar Microsoft gibi \u00e7ok uluslu,\u00a0 tekel bir kapitalist \u015firketin tehditlerinden direkt olarak etkilenmiyor. Dolay\u0131s\u0131yla Windows\u2019un alternatifi olan Linux (ki tamam\u0131yle a\u00e7\u0131k kaynak kodlu, yani nas\u0131l yaz\u0131ld\u0131\u011f\u0131 belli olan ve kullan\u0131c\u0131n\u0131n ihtiyac\u0131na g\u00f6re de\u011fi\u015ftirilip geli\u015ftirilme imkan\u0131 bulunan \u00fccretsiz bir i\u015fletim sistemidir) ihtiyac\u0131n\u0131 hissetmiyor.<\/p>\n<p>Baraka\u2019da \u00a0bilgisayar \u00e7al\u0131\u015fmas\u0131 yapabilmemiz i\u00e7in iki tane bilgisayar\u0131m\u0131z, bir tane beyaz tahtam\u0131z ve bilgisayar \u00f6\u011frenmek isteyip de paras\u0131 olmayan insanlar i\u00e7in harcayaca\u011f\u0131m\u0131z eme\u011fimiz var. T\u00fcm bunlar\u0131 kullanarak Bilgisayar Nas\u0131l \u00c7al\u0131\u015f\u0131r,Temel Windows, Word ,Excel ve\u00a0 \u0130nternet kullanmaktan olu\u015fan \u00fccretsiz kurslar d\u00fczenledik. Kurslar\u0131m\u0131z genelde iki- \u00fc\u00e7 ay s\u00fcr\u00fcyor. Kursu hemen bitirip, daha fazla kurs verip, daha fazla para kazanmak gibi bir anlay\u0131\u015f\u0131m\u0131z olmad\u0131\u011f\u0131 i\u00e7in net bir bitirme tarihimiz de yoktur. Kurslar\u0131n h\u0131z\u0131n\u0131 kursa gelenlerin \u00f6\u011frenme h\u0131zlar\u0131 belirliyor. \u015fu ana kadar \u00fc\u00e7 grup \u00f6\u011frenciye bu kurslar\u0131 verdik. Fakat kurslar\u0131m\u0131z\u0131 bir s\u00fcreli\u011fine durdurma karar\u0131 ald\u0131k. \u00c7\u00fcnk\u00fc Microsoft\u2019a alternatif olan Linux i\u015fletim sistemini kurs verecek kadar iyi bilmiyoruz. En k\u0131sa zamanda kurs verebilen arkada\u015flar\u0131m\u0131z\u0131n Linux\u2019e hakim olmas\u0131n\u0131 bekliyoruz.<\/p>\n<p><a href=\"https:\/\/www.baraka.cc\/images\/stories\/bkursu4.jpg\" target=\"_blank\"><img decoding=\"async\" loading=\"lazy\" alt=\" \" src=\"https:\/\/www.baraka.cc\/images\/stories\/bkursu4.jpg\" width=\"200\" height=\"267\" border=\"2\" \/><\/a><\/p>\n<p><a href=\"https:\/\/www.baraka.cc\/images\/stories\/bkursu1.jpg\" target=\"_blank\"><img decoding=\"async\" loading=\"lazy\" alt=\" \" src=\"https:\/\/www.baraka.cc\/images\/stories\/bkursu1.jpg\" width=\"200\" height=\"137\" border=\"2\" \/><\/a>\u00a0<a href=\"https:\/\/www.baraka.cc\/images\/stories\/bkursu2.jpg\" target=\"_blank\"><img decoding=\"async\" loading=\"lazy\" alt=\" \" src=\"https:\/\/www.baraka.cc\/images\/stories\/bkursu2.jpg\" width=\"200\" height=\"131\" border=\"2\" \/><\/a>\u00a0<a href=\"https:\/\/www.baraka.cc\/images\/stories\/bkursu3.jpg\" target=\"_blank\"><img decoding=\"async\" loading=\"lazy\" alt=\" \" src=\"https:\/\/www.baraka.cc\/images\/stories\/bkursu3.jpg\" width=\"200\" height=\"134\" border=\"2\" \/><\/a><\/p>\n","protected":false},"excerpt":{"rendered":"<p>K\u0131br\u0131s\u2019\u0131n kuzeyinde yaz\u0131l\u0131m lisans\u0131 denetlenmedi\u011finden insanlar Microsoft gibi \u00e7ok uluslu,\u00a0 tekel bir kapitalist \u015firketin tehditlerinden direkt olarak etkilenmiyor. Dolay\u0131s\u0131yla Windows\u2019un alternatifi olan Linux (ki tamam\u0131yle<\/p>\n","protected":false},"author":1,"featured_media":0,"parent":550,"menu_order":0,"comment_status":"open","ping_status":"open","template":"","meta":{"jetpack_post_was_ever_published":false},"jetpack_shortlink":"https:\/\/wp.me\/P4eHWX-9Z","jetpack_sharing_enabled":true,"_links":{"self":[{"href":"https:\/\/baraka.cc\/index.php?rest_route=\/wp\/v2\/pages\/619"}],"collection":[{"href":"https:\/\/baraka.cc\/index.php?rest_route=\/wp\/v2\/pages"}],"about":[{"href":"https:\/\/baraka.cc\/index.php?rest_route=\/wp\/v2\/types\/page"}],"author":[{"embeddable":true,"href":"https:\/\/baraka.cc\/index.php?rest_route=\/wp\/v2\/users\/1"}],"replies":[{"embeddable":true,"href":"https:\/\/baraka.cc\/index.php?rest_route=%2Fwp%2Fv2%2Fcomments&post=619"}],"version-history":[{"count":1,"href":"https:\/\/baraka.cc\/index.php?rest_route=\/wp\/v2\/pages\/619\/revisions"}],"predecessor-version":[{"id":620,"href":"https:\/\/baraka.cc\/index.php?rest_route=\/wp\/v2\/pages\/619\/revisions\/620"}],"up":[{"embeddable":true,"href":"https:\/\/baraka.cc\/index.php?rest_route=\/wp\/v2\/pages\/550"}],"wp:attachment":[{"href":"https:\/\/baraka.cc\/index.php?rest_route=%2Fwp%2Fv2%2Fmedia&parent=619"}],"curies":[{"name":"wp","href":"https:\/\/api.w.org\/{rel}","templated":true}]}}