{"id":632,"date":"2013-10-22T12:58:00","date_gmt":"2013-10-22T09:58:00","guid":{"rendered":"https:\/\/baraka.cc\/?page_id=632"},"modified":"2014-01-03T09:52:28","modified_gmt":"2014-01-03T07:52:28","slug":"baraka-film-atolyesi","status":"publish","type":"page","link":"https:\/\/baraka.cc\/?page_id=632","title":{"rendered":"BARAKA F\u0130LM AT\u00d6LYES\u0130"},"content":{"rendered":"<p><span style=\"font-size: medium;\">Film at\u00f6lyesi Baraka K\u00fclt\u00fcr Merkezi\u2019nin en gen\u00e7 etkinlik grubu olarak 2010 y\u0131l\u0131 sonunda faaliyete ge\u00e7mi\u015ftir. Hen\u00fcz bir film at\u00f6lyesi olu\u015fmam\u0131\u015fken; 2006 y\u0131l\u0131nda, bar\u0131\u015f ve bir arada ya\u015fama temal\u0131 filmlerin birle\u015fmesinden olu\u015fan \u201cBiradada Birarada\u201d isimli k\u0131sa metrajl\u0131 film projesinde, Baraka K\u0131br\u0131s\u2019\u0131n organizat\u00f6rlerinden biri olmu\u015ftu. Bunun yan\u0131nda; A\u011fustos 2009\u2019da Halk-Der belgeseli demosu haz\u0131rlanm\u0131\u015ft\u0131r.<\/span><\/p>\n<p><span style=\"font-size: medium;\">\u00a0\u00a0\u00a0\u00a0\u00a0\u00a0\u00a0\u00a0\u00a0\u00a0\u00a0\u00a0\u00a0\u00a0\u00a0\u00a0\u00a0\u00a0\u00a0\u00a0\u00a0 \u00a0<\/span><\/p>\n<p><span style=\"font-size: medium;\">Hem g\u00f6rsel hem de i\u015fitsel ileti\u015fim ara\u00e7lar\u0131n\u0131n etkili olmas\u0131ndan yola \u00e7\u0131kan Film At\u00f6lyesi, Baraka K\u00fclt\u00fcr Merkezi\u2019nin fikirlerini k\u0131sa \u2013 uzun metrajl\u0131 filmler, belgeseller \u00e7ekerek anlatmay\u0131 ama\u00e7lar. Do\u011frudan \u00fcretme ve pratik geli\u015ftirme temeli \u00fczerinden \u015fekillenen film at\u00f6lyesi \u00e7al\u0131\u015fmalar\u0131 \u00fcretirken \u00f6\u011frenmeyi hedeflemektedir. <\/span><\/p>\n<p><span style=\"font-size: medium;\">\u00a0\u00a0\u00a0\u00a0\u00a0\u00a0\u00a0\u00a0\u00a0\u00a0\u00a0\u00a0\u00a0\u00a0\u00a0\u00a0\u00a0\u00a0\u00a0\u00a0\u00a0\u00a0\u00a0\u00a0\u00a0\u00a0\u00a0 <\/span><\/p>\n<p><span style=\"font-size: medium;\">Film at\u00f6lyesi,\u00a0 film \u00e7ekme teknikleri ile ilgili herhangi bir deneyimi olmas\u0131 gerekmeksizin, amat\u00f6r film ile ilgilenen herkese, hem film s\u00fcrecinin mutfa\u011f\u0131nda bulunma, hem de film \u00e7ekme s\u00fcrecinin her a\u015famas\u0131nda \u00e7al\u0131\u015fma \u015fans\u0131 sunmaktad\u0131r. Film \u00e7ekme s\u00fcrecinin her a\u015famas\u0131nda bulunmak ve d\u00f6n\u00fc\u015f\u00fcml\u00fc g\u00f6revler almak, film yapma s\u00fcrecinin b\u00fct\u00fcn\u00fcn\u00fc kavrama olana\u011f\u0131 sa\u011flamaktad\u0131r. Yani Film At\u00f6lyesi kat\u0131l\u0131mc\u0131lar\u0131\u00a0 \u201cfilm seti\u201d deneyimini ya\u015farken ayn\u0131 zamanda koordinasyonun nas\u0131l yap\u0131ld\u0131\u011f\u0131n\u0131 da kavrayabilmektedir.<\/span><\/p>\n<p>&nbsp;<\/p>\n<p>&nbsp;<\/p>\n<p>&nbsp;<\/p>\n<p>&nbsp;<\/p>\n<p>&nbsp;<\/p>\n","protected":false},"excerpt":{"rendered":"<p>Film at\u00f6lyesi Baraka K\u00fclt\u00fcr Merkezi\u2019nin en gen\u00e7 etkinlik grubu olarak 2010 y\u0131l\u0131 sonunda faaliyete ge\u00e7mi\u015ftir. Hen\u00fcz bir film at\u00f6lyesi olu\u015fmam\u0131\u015fken; 2006 y\u0131l\u0131nda, bar\u0131\u015f ve bir<\/p>\n","protected":false},"author":1,"featured_media":0,"parent":550,"menu_order":0,"comment_status":"open","ping_status":"open","template":"","meta":{"jetpack_post_was_ever_published":false},"jetpack_shortlink":"https:\/\/wp.me\/P4eHWX-ac","jetpack_sharing_enabled":true,"_links":{"self":[{"href":"https:\/\/baraka.cc\/index.php?rest_route=\/wp\/v2\/pages\/632"}],"collection":[{"href":"https:\/\/baraka.cc\/index.php?rest_route=\/wp\/v2\/pages"}],"about":[{"href":"https:\/\/baraka.cc\/index.php?rest_route=\/wp\/v2\/types\/page"}],"author":[{"embeddable":true,"href":"https:\/\/baraka.cc\/index.php?rest_route=\/wp\/v2\/users\/1"}],"replies":[{"embeddable":true,"href":"https:\/\/baraka.cc\/index.php?rest_route=%2Fwp%2Fv2%2Fcomments&post=632"}],"version-history":[{"count":2,"href":"https:\/\/baraka.cc\/index.php?rest_route=\/wp\/v2\/pages\/632\/revisions"}],"predecessor-version":[{"id":1047,"href":"https:\/\/baraka.cc\/index.php?rest_route=\/wp\/v2\/pages\/632\/revisions\/1047"}],"up":[{"embeddable":true,"href":"https:\/\/baraka.cc\/index.php?rest_route=\/wp\/v2\/pages\/550"}],"wp:attachment":[{"href":"https:\/\/baraka.cc\/index.php?rest_route=%2Fwp%2Fv2%2Fmedia&parent=632"}],"curies":[{"name":"wp","href":"https:\/\/api.w.org\/{rel}","templated":true}]}}